{"id":6341,"date":"2019-10-21T13:38:25","date_gmt":"2019-10-21T10:38:25","guid":{"rendered":"https:\/\/sutustraws.com\/?page_id=6341"},"modified":"2022-02-25T18:11:07","modified_gmt":"2022-02-25T16:11:07","slug":"edasimuujatele","status":"publish","type":"page","link":"https:\/\/sutustraws.com\/et\/edasimuujatele\/","title":{"rendered":"Edasim\u00fc\u00fcjatele"},"content":{"rendered":"<p><div class=\"fusion-fullwidth fullwidth-box fusion-builder-row-1 nonhundred-percent-fullwidth non-hundred-percent-height-scrolling\" style=\"--awb-border-radius-top-left:0px;--awb-border-radius-top-right:0px;--awb-border-radius-bottom-right:0px;--awb-border-radius-bottom-left:0px;--awb-flex-wrap:wrap;\" ><div class=\"fusion-builder-row fusion-row\"><div class=\"fusion-layout-column fusion_builder_column fusion-builder-column-0 fusion_builder_column_5_6 5_6 fusion-five-sixth fusion-column-first\" style=\"--awb-bg-size:cover;--awb-margin-bottom:0px;width:83.3333333333%;width:calc(83.3333333333% - ( ( 4% ) * 0.833333333333 ) );margin-right: 4%;\"><div class=\"fusion-column-wrapper fusion-column-has-shadow fusion-flex-column-wrapper-legacy\"><div class=\"fusion-title title fusion-title-1 fusion-sep-none fusion-title-text fusion-title-size-one\" style=\"--awb-margin-bottom-small:25px;\"><h1 class=\"fusion-title-heading title-heading-left fusion-responsive-typography-calculated\" style=\"margin:0;--fontSize:50;line-height:1.25;\">Edasim\u00fc\u00fcjatele<\/h1><\/div><div class=\"fusion-sep-clear\"><\/div><div class=\"fusion-separator fusion-clearfix\" style=\"float:left;margin-bottom:30px;width:100%;max-width:65px;\"><div class=\"fusion-separator-border sep-single sep-solid\" style=\"--awb-height:20px;--awb-amount:20px;border-color:#3d3d3d;border-top-width:1px;\"><\/div><\/div><div class=\"fusion-sep-clear\"><\/div><div class=\"fusion-text fusion-text-1\" style=\"--awb-text-transform:none;\"><p>Siit leiad erinevaid m\u00fc\u00fcgitoetusmaterjale Sutu ja meie pilliroost joogik\u00f5rte kohta. Kui sa ei ole veel meie edasim\u00fc\u00fcja, aga soovid selleks hakata, siis v\u00f5ta meiega \u00fchendust aadressil <a href=\"mailto:info@sutu.ee\">info@sutu.ee<\/a> v\u00f5i helista (+372) 56 607 606. Uuri, mis v\u00f5imalusi pakutakse.<\/p>\n<p>Sutu voldik<\/p>\n<p><div class=\"fusion-text fusion-text-1\"><\/div><div style=\"display:block\">\n<!-- FlowPaper PDF flipbook plugin v.2.0.6 wordpress.org\/plugins\/flowpaper\/ -->\n<iframe title=\"FlowPaper flipbook pdf viewer\" width=\"100%\" height=\"500\" scrolling=\"no\" class=\"flowpaper-class\" frameborder=\"0\" allowFullScreen=\"true\" lightbox=\"false\" cover id src = \"https:\/\/flowpaper.com\/flipbook\/?pdf=https:\/\/sutustraws.com\/wp-content\/uploads\/2022\/02\/SUTU_brochurenew_EST.pdf?wp-hosted=1&title=&header=Sutu%20on%20juba%20teel...oota%20veidi...see%20meeldib%20sulle%20:)&theme=&singlepage=&thumbs=1&modified=220225611\" seamless=\"seamless\" style=\"margin-bottom:0;display:block;\">Your browser does not seem to support iframes. <a href=\"https:\/\/flowpaper.com\/flipbook\/?pdf=https:\/\/sutustraws.com\/wp-content\/uploads\/2022\/02\/SUTU_brochurenew_EST.pdf?wp-hosted=1\" target=\"_blank\">Click here to read this PDF<\/a>.<\/iframe>\n<div id=\"flowpaper-logo-bottom\" class=\"flowpaper-logo-bg\" style=\"background:linear-gradient(to right, rgba(0,0,0,0.65) 0%,rgba(0,0,0,0) 200px);width:100%;height:19px; padding-bottom: 1px; padding-left: 5px; padding-right: 10px; display: flex; align-items: center;z-index:9999\"><span style=\"height: 37px; padding-left: 6px;width:90%\"> <a id=\"flowpaper-link\" style=\"fill: #fff\" alt=\"FlowPaper logotype\" title=\"FlowPaper logotype\" href=\"https:\/\/flowpaper.com\" target=\"_blank\"> <img data-recalc-dims=\"1\" decoding=\"async\" alt=\"Publish PDF flipbooks online\" style=\"height:17px;width:auto;margin-top:11px;\" src=\"https:\/\/i0.wp.com\/sutustraws.com\/wp-content\/plugins\/flowpaper-lite-pdf-flipbook\/assets\/flowpaper-logo.png?w=1152&#038;ssl=1\" border=\"0\"> <\/a> <\/span><span style=\" float: right; right: 0; font-size: 10px; white-space: nowrap; opacity:0.8\"><a href=\"https:\/\/flowpaper.com\/brochure-maker\/\" target=\"_new\" style=\"text-decoration:none;border-bottom:none;\">Convert a PDF to digital brochure &#8599;<\/a><\/span><\/div><\/div>\r\n                <script>\r\n                document.addEventListener(\"DOMContentLoaded\", function(){\r\n                    var target_element, iframe_element;\r\n                    iframe_element = document.querySelector(\"iframe.flowpaper-class\");\r\n                    target_element = document.querySelector(\"\");\r\n                    iframe_element.style.height = target_element.offsetHeight + \"px\";\r\n                });\r\n                <\/script>\r\n            <\/p>\n<p>Sutu voldik inglise keeles<\/p>\n<p><div class=\"fusion-text fusion-text-2\"><\/div><div style=\"display:block\">\n<!-- FlowPaper PDF flipbook plugin v.2.0.6 wordpress.org\/plugins\/flowpaper\/ -->\n<iframe title=\"FlowPaper flipbook pdf viewer\" width=\"100%\" height=\"500\" scrolling=\"no\" class=\"flowpaper-class\" frameborder=\"0\" allowFullScreen=\"true\" lightbox=\"false\" cover id src = \"https:\/\/flowpaper.com\/flipbook\/?pdf=https:\/\/sutustraws.com\/wp-content\/uploads\/2022\/02\/SUTU_brochurenew_ENG.pdf?wp-hosted=1&title=&header=Sutu%20is%20on%20the%20way...wait%20a%20moment...you%20will%20like%20it%20:)&theme=&singlepage=&thumbs=1&modified=220225611\" seamless=\"seamless\" style=\"margin-bottom:0;display:block;\">Your browser does not seem to support iframes. <a href=\"https:\/\/flowpaper.com\/flipbook\/?pdf=https:\/\/sutustraws.com\/wp-content\/uploads\/2022\/02\/SUTU_brochurenew_ENG.pdf?wp-hosted=1\" target=\"_blank\">Click here to read this PDF<\/a>.<\/iframe>\n<div id=\"flowpaper-logo-bottom\" class=\"flowpaper-logo-bg\" style=\"background:linear-gradient(to right, rgba(0,0,0,0.65) 0%,rgba(0,0,0,0) 200px);width:100%;height:19px; padding-bottom: 1px; padding-left: 5px; padding-right: 10px; display: flex; align-items: center;z-index:9999\"><span style=\"height: 37px; padding-left: 6px;width:90%\"> <a id=\"flowpaper-link\" style=\"fill: #fff\" alt=\"FlowPaper logotype\" title=\"FlowPaper logotype\" href=\"https:\/\/flowpaper.com\" target=\"_blank\"> <img data-recalc-dims=\"1\" decoding=\"async\" alt=\"Publish PDF flipbooks online\" style=\"height:17px;width:auto;margin-top:11px;\" src=\"https:\/\/i0.wp.com\/sutustraws.com\/wp-content\/plugins\/flowpaper-lite-pdf-flipbook\/assets\/flowpaper-logo.png?w=1152&#038;ssl=1\" border=\"0\"> <\/a> <\/span><span style=\" float: right; right: 0; font-size: 10px; white-space: nowrap; opacity:0.8\"><a href=\"https:\/\/flowpaper.com\/brochure-maker\/\" target=\"_new\" style=\"text-decoration:none;border-bottom:none;\">Convert a PDF to digital brochure &#8599;<\/a><\/span><\/div><\/div>\r\n                <script>\r\n                document.addEventListener(\"DOMContentLoaded\", function(){\r\n                    var target_element, iframe_element;\r\n                    iframe_element = document.querySelector(\"iframe.flowpaper-class\");\r\n                    target_element = document.querySelector(\"\");\r\n                    iframe_element.style.height = target_element.offsetHeight + \"px\";\r\n                });\r\n                <\/script>\r\n            <\/p>\n<p>Sutu voldik saksa keeles<\/p>\n<p><div class=\"fusion-text fusion-text-3\"><\/div><div style=\"display:block\">\n<!-- FlowPaper PDF flipbook plugin v.2.0.6 wordpress.org\/plugins\/flowpaper\/ -->\n<iframe title=\"FlowPaper flipbook pdf viewer\" width=\"100%\" height=\"500\" scrolling=\"no\" class=\"flowpaper-class\" frameborder=\"0\" allowFullScreen=\"true\" lightbox=\"false\" cover id src = \"https:\/\/flowpaper.com\/flipbook\/?pdf=https:\/\/sutustraws.com\/wp-content\/uploads\/2022\/02\/SUTU_brochurenew_DE.pdf?wp-hosted=1&title=&header=Sutu%20is%20on%20the%20way...wait%20a%20moment...you%20will%20like%20it%20:)&theme=&singlepage=&thumbs=1&modified=220225611\" seamless=\"seamless\" style=\"margin-bottom:0;display:block;\">Your browser does not seem to support iframes. <a href=\"https:\/\/flowpaper.com\/flipbook\/?pdf=https:\/\/sutustraws.com\/wp-content\/uploads\/2022\/02\/SUTU_brochurenew_DE.pdf?wp-hosted=1\" target=\"_blank\">Click here to read this PDF<\/a>.<\/iframe>\n<div id=\"flowpaper-logo-bottom\" class=\"flowpaper-logo-bg\" style=\"background:linear-gradient(to right, rgba(0,0,0,0.65) 0%,rgba(0,0,0,0) 200px);width:100%;height:19px; padding-bottom: 1px; padding-left: 5px; padding-right: 10px; display: flex; align-items: center;z-index:9999\"><span style=\"height: 37px; padding-left: 6px;width:90%\"> <a id=\"flowpaper-link\" style=\"fill: #fff\" alt=\"FlowPaper logotype\" title=\"FlowPaper logotype\" href=\"https:\/\/flowpaper.com\" target=\"_blank\"> <img data-recalc-dims=\"1\" decoding=\"async\" alt=\"Publish PDF flipbooks online\" style=\"height:17px;width:auto;margin-top:11px;\" src=\"https:\/\/i0.wp.com\/sutustraws.com\/wp-content\/plugins\/flowpaper-lite-pdf-flipbook\/assets\/flowpaper-logo.png?w=1152&#038;ssl=1\" border=\"0\"> <\/a> <\/span><span style=\" float: right; right: 0; font-size: 10px; white-space: nowrap; opacity:0.8\"><a href=\"https:\/\/flowpaper.com\/brochure-maker\/\" target=\"_new\" style=\"text-decoration:none;border-bottom:none;\">Convert a PDF to digital brochure &#8599;<\/a><\/span><\/div><\/div>\r\n                <script>\r\n                document.addEventListener(\"DOMContentLoaded\", function(){\r\n                    var target_element, iframe_element;\r\n                    iframe_element = document.querySelector(\"iframe.flowpaper-class\");\r\n                    target_element = document.querySelector(\"\");\r\n                    iframe_element.style.height = target_element.offsetHeight + \"px\";\r\n                });\r\n                <\/script>\r\n            <\/p>\n<p>Sutu 1 lk flaier<\/p>\n<div style=\"display:block\">\n<!-- FlowPaper PDF flipbook plugin v.2.0.6 wordpress.org\/plugins\/flowpaper\/ -->\n<iframe title=\"FlowPaper flipbook pdf viewer\" width=\"100%\" height=\"500\" scrolling=\"no\" class=\"flowpaper-class\" frameborder=\"0\" allowFullScreen=\"true\" lightbox=\"false\" cover id src = \"https:\/\/flowpaper.com\/flipbook\/?pdf=https:\/\/sutustraws.com\/wp-content\/uploads\/2020\/02\/Sutu_1pager.pdf?wp-hosted=1&title=&header=Sutu%20on%20juba%20teel...oota%20veidi...see%20meeldib%20sulle%20:)&theme=&singlepage=&thumbs=1&modified=220225611\" seamless=\"seamless\" style=\"margin-bottom:0;display:block;\">Your browser does not seem to support iframes. <a href=\"https:\/\/flowpaper.com\/flipbook\/?pdf=https:\/\/sutustraws.com\/wp-content\/uploads\/2020\/02\/Sutu_1pager.pdf?wp-hosted=1\" target=\"_blank\">Click here to read this PDF<\/a>.<\/iframe>\n<div id=\"flowpaper-logo-bottom\" class=\"flowpaper-logo-bg\" style=\"background:linear-gradient(to right, rgba(0,0,0,0.65) 0%,rgba(0,0,0,0) 200px);width:100%;height:19px; padding-bottom: 1px; padding-left: 5px; padding-right: 10px; display: flex; align-items: center;z-index:9999\"><span style=\"height: 37px; padding-left: 6px;width:90%\"> <a id=\"flowpaper-link\" style=\"fill: #fff\" alt=\"FlowPaper logotype\" title=\"FlowPaper logotype\" href=\"https:\/\/flowpaper.com\" target=\"_blank\"> <img data-recalc-dims=\"1\" decoding=\"async\" alt=\"Publish PDF flipbooks online\" style=\"height:17px;width:auto;margin-top:11px;\" src=\"https:\/\/i0.wp.com\/sutustraws.com\/wp-content\/plugins\/flowpaper-lite-pdf-flipbook\/assets\/flowpaper-logo.png?w=1152&#038;ssl=1\" border=\"0\"> <\/a> <\/span><span style=\" float: right; right: 0; font-size: 10px; white-space: nowrap; opacity:0.8\"><a href=\"https:\/\/flowpaper.com\/flipbook-maker\/\" target=\"_new\" style=\"text-decoration:none;border-bottom:none;\">Created using FlowPaper Flipbook Maker &#8599;<\/a><\/span><\/div><\/div>\r\n                <script>\r\n                document.addEventListener(\"DOMContentLoaded\", function(){\r\n                    var target_element, iframe_element;\r\n                    iframe_element = document.querySelector(\"iframe.flowpaper-class\");\r\n                    target_element = document.querySelector(\"\");\r\n                    iframe_element.style.height = target_element.offsetHeight + \"px\";\r\n                });\r\n                <\/script>\r\n            \n<p>Sutu logod<\/p>\n<p><a href=\"https:\/\/i0.wp.com\/sutustraws.com\/wp-content\/uploads\/2019\/10\/SUTUstraws_logo.png?ssl=1\" target=\"_blank\" rel=\"noopener noreferrer\"><img data-recalc-dims=\"1\" decoding=\"async\" class=\"wp-image-4699\" src=\"https:\/\/i0.wp.com\/sutustraws.com\/wp-content\/uploads\/2019\/10\/SUTUstraws_logo.png?resize=132%2C132&#038;ssl=1\" alt=\"Sutu logo\" width=\"132\" height=\"132\" \/><\/a>\u00a0 \u00a0 \u00a0<a href=\"https:\/\/i0.wp.com\/sutustraws.com\/wp-content\/uploads\/2019\/10\/SUTUstraws_logo_black.png?ssl=1\" target=\"_blank\" rel=\"noopener noreferrer\"><img data-recalc-dims=\"1\" decoding=\"async\" class=\"wp-image-4710\" src=\"https:\/\/i0.wp.com\/sutustraws.com\/wp-content\/uploads\/2019\/10\/SUTUstraws_logo_black.png?resize=132%2C132&#038;ssl=1\" alt=\"Sutu logo\" width=\"132\" height=\"132\" \/>\u00a0<\/a><\/p>\n<p>Sutu pillirook\u00f5rred<\/p>\n<p><a href=\"https:\/\/i0.wp.com\/sutustraws.com\/wp-content\/uploads\/2019\/10\/Sutu-10pc.jpg?ssl=1\" target=\"_blank\" rel=\"noopener noreferrer\"><img data-recalc-dims=\"1\" decoding=\"async\" class=\"wp-image-4699\" src=\"https:\/\/i0.wp.com\/sutustraws.com\/wp-content\/uploads\/2019\/10\/Sutu-10pc.jpg?resize=132%2C132&#038;ssl=1\" alt=\"Sutu pilliroost joogik\u00f5rred 10tk\" width=\"132\" height=\"132\" \/><\/a>\u00a0 \u00a0 \u00a0<a href=\"https:\/\/i0.wp.com\/sutustraws.com\/wp-content\/uploads\/2019\/10\/Sutu-200pc.jpg?ssl=1\" target=\"_blank\" rel=\"noopener noreferrer\"><img data-recalc-dims=\"1\" decoding=\"async\" class=\"wp-image-4710\" src=\"https:\/\/i0.wp.com\/sutustraws.com\/wp-content\/uploads\/2019\/10\/Sutu-200pc.jpg?resize=132%2C132&#038;ssl=1\" alt=\"Sutu pilliroost joogik\u00f5rred 200tk\" width=\"132\" height=\"132\" \/>\u00a0<\/a><\/p>\n<\/div><div class=\"fusion-clearfix\"><\/div><\/div><\/div><\/div><\/div><div class=\"fusion-fullwidth fullwidth-box fusion-builder-row-2 nonhundred-percent-fullwidth non-hundred-percent-height-scrolling\" style=\"--awb-border-radius-top-left:0px;--awb-border-radius-top-right:0px;--awb-border-radius-bottom-right:0px;--awb-border-radius-bottom-left:0px;--awb-flex-wrap:wrap;\" ><\/div><\/p>\n","protected":false},"excerpt":{"rendered":"","protected":false},"author":1,"featured_media":0,"parent":0,"menu_order":0,"comment_status":"closed","ping_status":"closed","template":"","meta":{"_acf_changed":false,"footnotes":""},"yst_prominent_words":[591,32],"class_list":["post-6341","page","type-page","status-publish","hentry"],"acf":[],"jetpack_sharing_enabled":true,"_links":{"self":[{"href":"https:\/\/sutustraws.com\/et\/wp-json\/wp\/v2\/pages\/6341","targetHints":{"allow":["GET"]}}],"collection":[{"href":"https:\/\/sutustraws.com\/et\/wp-json\/wp\/v2\/pages"}],"about":[{"href":"https:\/\/sutustraws.com\/et\/wp-json\/wp\/v2\/types\/page"}],"author":[{"embeddable":true,"href":"https:\/\/sutustraws.com\/et\/wp-json\/wp\/v2\/users\/1"}],"replies":[{"embeddable":true,"href":"https:\/\/sutustraws.com\/et\/wp-json\/wp\/v2\/comments?post=6341"}],"version-history":[{"count":5,"href":"https:\/\/sutustraws.com\/et\/wp-json\/wp\/v2\/pages\/6341\/revisions"}],"predecessor-version":[{"id":14849,"href":"https:\/\/sutustraws.com\/et\/wp-json\/wp\/v2\/pages\/6341\/revisions\/14849"}],"wp:attachment":[{"href":"https:\/\/sutustraws.com\/et\/wp-json\/wp\/v2\/media?parent=6341"}],"wp:term":[{"taxonomy":"yst_prominent_words","embeddable":true,"href":"https:\/\/sutustraws.com\/et\/wp-json\/wp\/v2\/yst_prominent_words?post=6341"}],"curies":[{"name":"wp","href":"https:\/\/api.w.org\/{rel}","templated":true}]}}