{"id":685,"date":"2019-05-18T10:22:15","date_gmt":"2019-05-18T10:22:15","guid":{"rendered":"http:\/\/test.sutustraws.com\/shop\/"},"modified":"2020-12-02T11:02:33","modified_gmt":"2020-12-02T09:02:33","slug":"pood","status":"publish","type":"page","link":"https:\/\/sutustraws.com\/et\/pood\/","title":{"rendered":"Pood"},"content":{"rendered":"<p><div class=\"fusion-fullwidth fullwidth-box fusion-builder-row-1 nonhundred-percent-fullwidth non-hundred-percent-height-scrolling\" style=\"--awb-border-radius-top-left:0px;--awb-border-radius-top-right:0px;--awb-border-radius-bottom-right:0px;--awb-border-radius-bottom-left:0px;--awb-padding-bottom:5%;--awb-flex-wrap:wrap;\" ><div class=\"fusion-builder-row fusion-row\"><div class=\"fusion-layout-column fusion_builder_column fusion-builder-column-0 fusion_builder_column_2_5 2_5 fusion-two-fifth fusion-column-first\" style=\"--awb-bg-size:cover;--awb-margin-bottom:0px;width:40%;width:calc(40% - ( ( 2% ) * 0.4 ) );margin-right: 2%;\"><div class=\"fusion-column-wrapper fusion-column-has-shadow fusion-flex-column-wrapper-legacy\"><div class=\"fusion-image-element fusion-image-align-left fusion-no-medium-visibility in-legacy-container\" style=\"text-align:left;--awb-caption-title-font-family:var(--h2_typography-font-family);--awb-caption-title-font-weight:var(--h2_typography-font-weight);--awb-caption-title-font-style:var(--h2_typography-font-style);--awb-caption-title-size:var(--h2_typography-font-size);--awb-caption-title-transform:var(--h2_typography-text-transform);--awb-caption-title-line-height:var(--h2_typography-line-height);--awb-caption-title-letter-spacing:var(--h2_typography-letter-spacing);\"><span class=\" fusion-imageframe imageframe-none imageframe-1 hover-type-none\" style=\"margin-right:25px;float:left;\"><img data-recalc-dims=\"1\" decoding=\"async\" width=\"432\" height=\"611\" alt=\"Sutu reed straws, 100% natural\" title=\"Product-photo\" src=\"https:\/\/i0.wp.com\/sutustraws.com\/wp-content\/uploads\/2019\/05\/Product-photo.png?resize=432%2C611&#038;ssl=1\" class=\"img-responsive wp-image-616\" srcset=\"https:\/\/i0.wp.com\/sutustraws.com\/wp-content\/uploads\/2019\/05\/Product-photo.png?resize=200%2C283&amp;ssl=1 200w, https:\/\/i0.wp.com\/sutustraws.com\/wp-content\/uploads\/2019\/05\/Product-photo.png?resize=212%2C300&amp;ssl=1 212w, https:\/\/i0.wp.com\/sutustraws.com\/wp-content\/uploads\/2019\/05\/Product-photo.png?resize=400%2C566&amp;ssl=1 400w, https:\/\/i0.wp.com\/sutustraws.com\/wp-content\/uploads\/2019\/05\/Product-photo.png?w=432&amp;ssl=1 432w\" sizes=\"(max-width: 800px) 100vw, 432px\" \/><\/span><\/div><div class=\"fusion-image-element fusion-image-align-center fusion-no-small-visibility fusion-no-large-visibility in-legacy-container\" style=\"text-align:center;--awb-caption-title-font-family:var(--h2_typography-font-family);--awb-caption-title-font-weight:var(--h2_typography-font-weight);--awb-caption-title-font-style:var(--h2_typography-font-style);--awb-caption-title-size:var(--h2_typography-font-size);--awb-caption-title-transform:var(--h2_typography-text-transform);--awb-caption-title-line-height:var(--h2_typography-line-height);--awb-caption-title-letter-spacing:var(--h2_typography-letter-spacing);\"><div class=\"imageframe-align-center\"><span class=\" fusion-imageframe imageframe-none imageframe-2 hover-type-none\"><img data-recalc-dims=\"1\" decoding=\"async\" width=\"718\" height=\"450\" alt=\"Sutu reed straws, 100% natural\" title=\"Product-photo\" src=\"https:\/\/i0.wp.com\/sutustraws.com\/wp-content\/uploads\/2019\/05\/Product-photo-1.png?resize=718%2C450&#038;ssl=1\" class=\"img-responsive wp-image-633\" srcset=\"https:\/\/i0.wp.com\/sutustraws.com\/wp-content\/uploads\/2019\/05\/Product-photo-1.png?resize=200%2C125&amp;ssl=1 200w, https:\/\/i0.wp.com\/sutustraws.com\/wp-content\/uploads\/2019\/05\/Product-photo-1.png?resize=300%2C188&amp;ssl=1 300w, https:\/\/i0.wp.com\/sutustraws.com\/wp-content\/uploads\/2019\/05\/Product-photo-1.png?resize=320%2C202&amp;ssl=1 320w, https:\/\/i0.wp.com\/sutustraws.com\/wp-content\/uploads\/2019\/05\/Product-photo-1.png?resize=400%2C251&amp;ssl=1 400w, https:\/\/i0.wp.com\/sutustraws.com\/wp-content\/uploads\/2019\/05\/Product-photo-1.png?resize=500%2C313&amp;ssl=1 500w, https:\/\/i0.wp.com\/sutustraws.com\/wp-content\/uploads\/2019\/05\/Product-photo-1.png?resize=600%2C376&amp;ssl=1 600w, https:\/\/i0.wp.com\/sutustraws.com\/wp-content\/uploads\/2019\/05\/Product-photo-1.png?resize=700%2C439&amp;ssl=1 700w, https:\/\/i0.wp.com\/sutustraws.com\/wp-content\/uploads\/2019\/05\/Product-photo-1.png?w=718&amp;ssl=1 718w\" sizes=\"(max-width: 800px) 100vw, 600px\" \/><\/span><\/div><\/div><div class=\"fusion-clearfix\"><\/div><\/div><\/div><div class=\"fusion-layout-column fusion_builder_column fusion-builder-column-1 fusion_builder_column_3_5 3_5 fusion-three-fifth fusion-column-last\" style=\"--awb-bg-size:cover;--awb-margin-bottom:0px;width:60%;width:calc(60% - ( ( 2% ) * 0.6 ) );\"><div class=\"fusion-column-wrapper fusion-column-has-shadow fusion-flex-column-wrapper-legacy\"><div class=\"fusion-sep-clear\"><\/div><div class=\"fusion-separator fusion-full-width-sep\" style=\"margin-left: auto;margin-right: auto;margin-top:5%;width:100%;\"><\/div><div class=\"fusion-sep-clear\"><\/div><div class=\"fusion-title title fusion-title-1 fusion-sep-none fusion-title-text fusion-title-size-six\"><h6 class=\"fusion-title-heading title-heading-left fusion-responsive-typography-calculated\" style=\"margin:0;--fontSize:16;--minFontSize:16;line-height:1.25;\">Looduslikud ja biolagunevad joogik\u00f5rred<\/h6><\/div><div class=\"fusion-title title fusion-title-2 fusion-sep-none fusion-title-text fusion-title-size-one\" style=\"--awb-margin-bottom-small:25px;\"><h1 class=\"fusion-title-heading title-heading-left fusion-responsive-typography-calculated\" style=\"margin:0;--fontSize:50;line-height:1.25;\">SUTU pillirook\u00f5rred<\/h1><\/div><div class=\"fusion-sep-clear\"><\/div><div class=\"fusion-separator fusion-clearfix\" style=\"float:left;margin-bottom:30px;width:100%;max-width:65px;\"><div class=\"fusion-separator-border sep-single sep-solid\" style=\"--awb-height:20px;--awb-amount:20px;border-color:#3d3d3d;border-top-width:1px;\"><\/div><\/div><div class=\"fusion-sep-clear\"><\/div><div class=\"fusion-text fusion-text-1\"><p>Anna enda panus puhtama maailma nimel ja kasuta n\u00fc\u00fcdsest pillirook\u00f5rsi. Sutu joogik\u00f5rred on valmistatud Saaremaa rannikul kasvanud pilliroost ja valminud muinasjutulise Sutu lahe \u00e4\u00e4res. Looduse poolt vormitud ja s\u00fcdamega tehtud.<\/p>\n<p>Naudi n\u00fc\u00fcdsest naturaalset maitset ja elamust!<\/p>\n<\/div><div class=\"fusion-sep-clear\"><\/div><div class=\"fusion-separator fusion-full-width-sep\" style=\"margin-left: auto;margin-right: auto;margin-bottom:15px;width:100%;\"><\/div><div class=\"fusion-sep-clear\"><\/div><div class=\"fusion-image-element in-legacy-container\" style=\"--awb-caption-title-font-family:var(--h2_typography-font-family);--awb-caption-title-font-weight:var(--h2_typography-font-weight);--awb-caption-title-font-style:var(--h2_typography-font-style);--awb-caption-title-size:var(--h2_typography-font-size);--awb-caption-title-transform:var(--h2_typography-text-transform);--awb-caption-title-line-height:var(--h2_typography-line-height);--awb-caption-title-letter-spacing:var(--h2_typography-letter-spacing);\"><span class=\" fusion-imageframe imageframe-none imageframe-3 hover-type-none\"><img data-recalc-dims=\"1\" decoding=\"async\" width=\"530\" height=\"84\" title=\"Assets-4\" src=\"https:\/\/i0.wp.com\/sutustraws.com\/wp-content\/uploads\/2019\/06\/Assets-4.png?resize=530%2C84&#038;ssl=1\" alt class=\"img-responsive wp-image-900\" srcset=\"https:\/\/i0.wp.com\/sutustraws.com\/wp-content\/uploads\/2019\/06\/Assets-4.png?resize=200%2C32&amp;ssl=1 200w, https:\/\/i0.wp.com\/sutustraws.com\/wp-content\/uploads\/2019\/06\/Assets-4.png?resize=300%2C48&amp;ssl=1 300w, https:\/\/i0.wp.com\/sutustraws.com\/wp-content\/uploads\/2019\/06\/Assets-4.png?resize=400%2C63&amp;ssl=1 400w, https:\/\/i0.wp.com\/sutustraws.com\/wp-content\/uploads\/2019\/06\/Assets-4.png?resize=500%2C79&amp;ssl=1 500w, https:\/\/i0.wp.com\/sutustraws.com\/wp-content\/uploads\/2019\/06\/Assets-4.png?w=530&amp;ssl=1 530w\" sizes=\"(max-width: 800px) 100vw, 530px\" \/><\/span><\/div><div class=\"fusion-sep-clear\"><\/div><div class=\"fusion-separator fusion-full-width-sep\" style=\"margin-left: auto;margin-right: auto;margin-bottom:10%;width:100%;\"><\/div><div class=\"fusion-sep-clear\"><\/div><div class=\"fusion-text fusion-text-2 linkycolor\"><p><a href=\"#valik\">Soovid teada rohkem toote kohta?<\/a><\/p>\n<\/div><div class=\"fusion-clearfix\"><\/div><\/div><\/div><\/div><\/div><div class=\"fusion-fullwidth fullwidth-box fusion-builder-row-2 nonhundred-percent-fullwidth non-hundred-percent-height-scrolling\" style=\"--awb-border-radius-top-left:0px;--awb-border-radius-top-right:0px;--awb-border-radius-bottom-right:0px;--awb-border-radius-bottom-left:0px;--awb-flex-wrap:wrap;\" ><div class=\"fusion-builder-row fusion-row\"><div class=\"fusion-layout-column fusion_builder_column fusion-builder-column-2 fusion_builder_column_1_1 1_1 fusion-one-full fusion-column-first fusion-column-last\" style=\"--awb-bg-size:cover;--awb-margin-bottom:0px;\"><div class=\"fusion-column-wrapper fusion-column-has-shadow fusion-flex-column-wrapper-legacy\"><div class=\"fusion-sep-clear\"><\/div><div class=\"fusion-separator fusion-no-large-visibility fusion-full-width-sep\" style=\"margin-left: auto;margin-right: auto;margin-bottom:5%;width:100%;\"><\/div><div class=\"fusion-sep-clear\"><\/div><div class=\"fusion-clearfix\"><\/div><\/div><\/div><div class=\"fusion-layout-column fusion_builder_column fusion-builder-column-3 fusion_builder_column_3_4 3_4 fusion-three-fourth fusion-column-first selcon\" style=\"--awb-bg-size:cover;width:75%;width:calc(75% - ( ( 4% ) * 0.75 ) );margin-right: 4%;\"><div class=\"fusion-column-wrapper fusion-column-has-shadow fusion-flex-column-wrapper-legacy\"><div class=\"fusion-title title fusion-title-3 fusion-sep-none fusion-title-text fusion-title-size-one\"><h1 class=\"fusion-title-heading title-heading-left fusion-responsive-typography-calculated\" style=\"margin:0;--fontSize:50;line-height:1.25;\"><a id=\"valik\" class=\"anchor\"><\/a>Valik<\/h1><\/div><div class=\"fusion-clearfix\"><\/div><\/div><\/div><div class=\"fusion-layout-column fusion_builder_column fusion-builder-column-4 fusion_builder_column_1_6 1_6 fusion-one-sixth fusion-column-last widcon\" style=\"--awb-bg-size:cover;width:16.6666666667%;width:calc(16.6666666667% - ( ( 4% ) * 0.166666666667 ) );\"><div class=\"fusion-column-wrapper fusion-column-has-shadow fusion-flex-column-wrapper-legacy\"><div class=\"fusion-clearfix\"><\/div><\/div><\/div><\/div><\/div><\/p>\n","protected":false},"excerpt":{"rendered":"","protected":false},"author":1,"featured_media":0,"parent":0,"menu_order":0,"comment_status":"closed","ping_status":"closed","template":"","meta":{"_acf_changed":false,"footnotes":""},"yst_prominent_words":[116,366,385,32],"class_list":["post-685","page","type-page","status-publish","hentry"],"acf":[],"jetpack_sharing_enabled":true,"_links":{"self":[{"href":"https:\/\/sutustraws.com\/et\/wp-json\/wp\/v2\/pages\/685","targetHints":{"allow":["GET"]}}],"collection":[{"href":"https:\/\/sutustraws.com\/et\/wp-json\/wp\/v2\/pages"}],"about":[{"href":"https:\/\/sutustraws.com\/et\/wp-json\/wp\/v2\/types\/page"}],"author":[{"embeddable":true,"href":"https:\/\/sutustraws.com\/et\/wp-json\/wp\/v2\/users\/1"}],"replies":[{"embeddable":true,"href":"https:\/\/sutustraws.com\/et\/wp-json\/wp\/v2\/comments?post=685"}],"version-history":[{"count":5,"href":"https:\/\/sutustraws.com\/et\/wp-json\/wp\/v2\/pages\/685\/revisions"}],"predecessor-version":[{"id":14587,"href":"https:\/\/sutustraws.com\/et\/wp-json\/wp\/v2\/pages\/685\/revisions\/14587"}],"wp:attachment":[{"href":"https:\/\/sutustraws.com\/et\/wp-json\/wp\/v2\/media?parent=685"}],"wp:term":[{"taxonomy":"yst_prominent_words","embeddable":true,"href":"https:\/\/sutustraws.com\/et\/wp-json\/wp\/v2\/yst_prominent_words?post=685"}],"curies":[{"name":"wp","href":"https:\/\/api.w.org\/{rel}","templated":true}]}}