{"id":723,"date":"2019-05-25T12:19:04","date_gmt":"2019-05-25T12:19:04","guid":{"rendered":"http:\/\/test.sutustraws.com\/?page_id=723"},"modified":"2019-09-07T16:25:46","modified_gmt":"2019-09-07T13:25:46","slug":"logi-sisse-registreeru","status":"publish","type":"page","link":"https:\/\/sutustraws.com\/et\/logi-sisse-registreeru\/","title":{"rendered":"Logi sisse\/Registreeru"},"content":{"rendered":"<p><div class=\"fusion-fullwidth fullwidth-box fusion-builder-row-1 hundred-percent-fullwidth non-hundred-percent-height-scrolling fusion-equal-height-columns\" style=\"--awb-border-radius-top-left:0px;--awb-border-radius-top-right:0px;--awb-border-radius-bottom-right:0px;--awb-border-radius-bottom-left:0px;--awb-padding-right:0px;--awb-padding-left:0px;--awb-flex-wrap:wrap;\" ><div class=\"fusion-builder-row fusion-row\"><div class=\"fusion-layout-column fusion_builder_column fusion-builder-column-0 fusion_builder_column_2_5 2_5 fusion-two-fifth fusion-column-first regfix loginoutbox\" style=\"--awb-bg-size:cover;width:40%;width:calc(40% - ( ( 4% ) * 0.4 ) );margin-right: 4%;\"><div class=\"fusion-column-wrapper fusion-column-has-shadow fusion-flex-column-wrapper-legacy\"><div class=\"fusion-title title fusion-title-1 fusion-sep-none fusion-title-text fusion-title-size-one titlee\" style=\"--awb-margin-bottom:0px;--awb-margin-bottom-small:0px;\"><h1 class=\"fusion-title-heading title-heading-left fusion-responsive-typography-calculated\" style=\"margin:0;--fontSize:50;line-height:1.25;\">Logi sisse<\/h1><\/div><div class=\"fusion-sep-clear\"><\/div><div class=\"fusion-separator fusion-full-width-sep\" style=\"margin-left: auto;margin-right: auto;margin-bottom:5%;width:100%;\"><\/div><div class=\"fusion-sep-clear\"><\/div><div class=\"fusion-builder-row fusion-builder-row-inner fusion-row\"><div class=\"fusion-layout-column fusion_builder_column_inner fusion-builder-nested-column-0 fusion_builder_column_inner_1_1 1_1 fusion-one-full fusion-column-first fusion-column-last leftbgcolor loginbox\" style=\"--awb-bg-size:cover;\"><div class=\"fusion-column-wrapper fusion-column-has-shadow fusion-flex-column-wrapper-legacy\"><div class=\"tml tml-login\">\n<div class=\"tml-alerts\"><\/div><form name=\"login\" action=\"https:\/\/sutustraws.com\/et\/login\/\" method=\"post\">\n<div class=\"tml-field-wrap tml-log-wrap\">\n<label class=\"tml-label\" for=\"user_login\">Kasutajanimi v\u00f5i e-posti aadress<\/label>\n<input name=\"log\" type=\"text\" value=\"\" id=\"user_login\" autocapitalize=\"off\" class=\"tml-field\">\n<\/div>\n\n<div class=\"tml-field-wrap tml-pwd-wrap\">\n<label class=\"tml-label\" for=\"user_pass\">Salas\u00f5na<\/label>\n<input name=\"pwd\" type=\"password\" value=\"\" id=\"user_pass\" class=\"tml-field\">\n<\/div>\n\n\n<div class=\"tml-field-wrap tml-rememberme-wrap\">\n<input name=\"rememberme\" type=\"checkbox\" value=\"forever\" id=\"rememberme\" class=\"tml-checkbox\">\n<label class=\"tml-label\" for=\"rememberme\">J\u00e4ta meelde<\/label>\n<\/div>\n\n<div class=\"tml-field-wrap tml-submit-wrap\">\n<button name=\"submit\" type=\"submit\" class=\"tml-button\">Logi sisse<\/button>\n<\/div>\n\n<input name=\"redirect_to\" type=\"hidden\" value=\"https:\/\/sutustraws.com\/wp-admin\/\">\n\n<\/form>\n<ul class=\"tml-links\"><li class=\"tml-lostpassword-link\"><a href=\"https:\/\/sutustraws.com\/et\/lostpassword\/\">Salas\u00f5na kadunud?<\/a><\/li><\/ul><\/div>\n<div class=\"fusion-clearfix\"><\/div><\/div><\/div><\/div><div class=\"fusion-clearfix\"><\/div><\/div><\/div><div class=\"fusion-layout-column fusion_builder_column fusion-builder-column-1 fusion_builder_column_2_5 2_5 fusion-two-fifth fusion-column-last regfix loginoutbox\" style=\"--awb-bg-size:cover;--awb-margin-bottom:0px;width:40%;width:calc(40% - ( ( 4% ) * 0.4 ) );\"><div class=\"fusion-column-wrapper fusion-column-has-shadow fusion-flex-column-wrapper-legacy\"><div class=\"fusion-title title fusion-title-2 fusion-sep-none fusion-title-text fusion-title-size-one titlee\" style=\"--awb-margin-bottom:0px;--awb-margin-bottom-small:0px;\"><h1 class=\"fusion-title-heading title-heading-left fusion-responsive-typography-calculated\" style=\"margin:0;--fontSize:50;line-height:1.25;\">Registreeru<\/h1><\/div><div class=\"fusion-sep-clear\"><\/div><div class=\"fusion-separator fusion-full-width-sep\" style=\"margin-left: auto;margin-right: auto;margin-bottom:30px;width:100%;\"><\/div><div class=\"fusion-sep-clear\"><\/div><div class=\"fusion-builder-row fusion-builder-row-inner fusion-row\"><div class=\"fusion-layout-column fusion_builder_column_inner fusion-builder-nested-column-1 fusion_builder_column_inner_1_1 1_1 fusion-one-full fusion-column-first fusion-column-last leftbgcolor loginbox regsidebox cloginbox\" style=\"--awb-padding-bottom:30px;--awb-bg-size:cover;--awb-margin-bottom:0px;\"><div class=\"fusion-column-wrapper fusion-column-has-shadow fusion-flex-column-wrapper-legacy\"><div class=\"fusion-text fusion-text-1\"><p>Kas soovid oma andmed salvestada ja n\u00e4ha oma ostude ajalugu?<\/p>\n<\/div><div class=\"fusion-sep-clear\"><\/div><div class=\"fusion-separator fusion-full-width-sep\" style=\"margin-left: auto;margin-right: auto;margin-bottom:5%;width:100%;\"><\/div><div class=\"fusion-sep-clear\"><\/div><div class=\"fusion-title title fusion-title-3 fusion-sep-none fusion-title-text fusion-title-size-five\" style=\"--awb-margin-bottom:0px;--awb-margin-bottom-small:0px;--awb-font-size:30px;\"><h5 class=\"fusion-title-heading title-heading-left fusion-responsive-typography-calculated\" style=\"margin:0;font-size:1em;--fontSize:30;line-height:1.25;\">Kiiremate edaspidiste ostude jaoks liitu Sutu klubiga!<\/h5><\/div><div class=\"fusion-sep-clear\"><\/div><div class=\"fusion-separator fusion-full-width-sep\" style=\"margin-left: auto;margin-right: auto;margin-bottom:20%;width:100%;\"><\/div><div class=\"fusion-sep-clear\"><\/div><div class=\"fusion-button-wrapper\"><a class=\"fusion-button button-flat fusion-button-default-size button-default fusion-button-default button-1 fusion-button-default-span fusion-button-default-type\" target=\"_self\" href=\"#mememee\"><span class=\"fusion-button-text awb-button__text awb-button__text--default\">Registreeru<\/span><\/a><\/div><div class=\"fusion-clearfix\"><\/div><\/div><\/div><\/div><div class=\"fusion-clearfix\"><\/div><\/div><\/div><\/div><\/div><div id=\"mememee\" class=\"fusion-container-anchor\"><div class=\"fusion-fullwidth fullwidth-box fusion-builder-row-2 nonhundred-percent-fullwidth non-hundred-percent-height-scrolling\" style=\"--awb-border-radius-top-left:0px;--awb-border-radius-top-right:0px;--awb-border-radius-bottom-right:0px;--awb-border-radius-bottom-left:0px;--awb-padding-top:55px;--awb-flex-wrap:wrap;\" ><div class=\"fusion-builder-row fusion-row\"><div class=\"fusion-layout-column fusion_builder_column fusion-builder-column-2 fusion_builder_column_1_4 1_4 fusion-one-fourth fusion-column-first\" style=\"--awb-bg-size:cover;width:25%;width:calc(25% - ( ( 4% + 4% ) * 0.25 ) );margin-right: 4%;\"><div class=\"fusion-column-wrapper fusion-column-has-shadow fusion-flex-column-wrapper-legacy\"><div class=\"fusion-clearfix\"><\/div><\/div><\/div><div class=\"fusion-layout-column fusion_builder_column fusion-builder-column-3 fusion_builder_column_1_2 1_2 fusion-one-half\" style=\"--awb-bg-size:cover;width:50%;width:calc(50% - ( ( 4% + 4% ) * 0.5 ) );margin-right: 4%;\"><div class=\"fusion-column-wrapper fusion-column-has-shadow fusion-flex-column-wrapper-legacy\"><div class=\"fusion-title title fusion-title-4 fusion-sep-none fusion-title-text fusion-title-size-one\" style=\"--awb-text-color:#3d3d3d;--awb-margin-bottom:0px;--awb-margin-bottom-small:0px;--awb-font-size:50px;\"><h1 class=\"fusion-title-heading title-heading-left fusion-responsive-typography-calculated\" style=\"margin:0;font-size:1em;--fontSize:50;line-height:1.24;\">Registreeru<\/h1><\/div><div class=\"fusion-sep-clear\"><\/div><div class=\"fusion-separator fusion-full-width-sep\" style=\"margin-left: auto;margin-right: auto;margin-bottom:40px;width:100%;\"><\/div><div class=\"fusion-sep-clear\"><\/div><!--noptimize--><div class=\"rmagic rm_theme_matchmytheme rm_layout_label_left\"><style><\/style><style><\/style><div class=\"rmcontent\"><pre class=\"rm-pre-wrapper-for-script-tags\"><script>\r\n                \r\nif (typeof window['rm_multipage'] == 'undefined') {\r\n\r\n    rm_multipage = {\r\n        global_page_no_form_3_1: 1\r\n    };\r\n\r\n}\r\nelse\r\n rm_multipage.global_page_no_form_3_1 = 1;\r\n\r\nfunction gotonext_form_3_1(){\r\n        \/* Making sure action attribute is empty *\/\r\n        jQuery(\"form.rmagic-form\").attr(\"action\",\"\");\r\n        maxpage = 1 ;\r\n        var form_object= jQuery(\"#rm_form_page_form_3_1_\"+rm_multipage.global_page_no_form_3_1).closest(\"form\");\r\n        var submit_btn= form_object.find(\"[type=submit]:not(.rm_noscript_btn)\");\r\n                jQuery.validator.setDefaults({errorClass: 'rm-form-field-invalid-msg',\n                                        ignore:':hidden,.ignore,:not(:visible),.rm_untouched',wrapper:'div',\n                                       errorPlacement: function(error, element) {\n                                                            \/\/error.appendTo(element.closest('.rminput'));\n                                                            error.appendTo(element.closest('div'));\n                                                          },\n                                      rules: {        \n        password: {\n            required: true,\n            minlength: 7\n        },\n        password_confirmation: {\n            required: true,\n            equalTo: \"#rm_reg_form_pw_3_1\"\n        },\n        email_confirmation: {\n            required: true,\n            equalTo: \"#rm_reg_form_email_3_1\"\n        }\n            },\n        messages: {\n        password_confirmation: {\n            equalTo: \"Your passwords do not match. Please check again.\"\n        },\n        email_confirmation: {\n            equalTo: \"Emails do not match\"\n        }\n            }\n                                    });\r\n        form_object.find('input.rm_price_field_quantity').each(function() {\r\n            if(typeof jQuery(this).attr('min') == 'undefined') {\r\n                jQuery(this).attr('min', 0);\r\n            }\r\n        });\r\n        if(form_object.find('.rm_privacy_cb').is(':visible')) {\r\n            if(!form_object.find('.rm_privacy_cb').prop('checked')){\r\n                \/\/form_object.find('.rm_privacy_cb').trigger('change');\r\n                form_object.find('.rm_privacy_cb').focus();\r\n                form_object.find('.rm_privacy_cb').parent().parent().siblings('div.rm-form-error-message').show();\r\n                return false;\r\n            }\r\n        }\r\n        if(jQuery(\"#rm_form_page_form_3_1_\"+rm_multipage.global_page_no_form_3_1+\" :input\").length > 0)\r\n        {\r\n            var elements_to_validate= jQuery(\"#rm_form_page_form_3_1_\"+rm_multipage.global_page_no_form_3_1+\" :input\");\r\n            var valid = elements_to_validate.valid();\r\n            elements_to_validate.each(function(){\r\n            var if_mobile= jQuery(this).attr('data-mobile-intel-field');\r\n            if(if_mobile){\r\n                var tel_error = rm_toggle_tel_error(this.dataset.validnumber,jQuery(this),jQuery(this).data('error-message'));\r\n                if(tel_error){\r\n                    valid= false;\r\n                }\r\n                else\r\n                {\r\n                    jQuery(this).val(this.dataset.fullnumber);\r\n                }\r\n            }\r\n            });\r\n                \r\n            if(!valid)\r\n            {\r\n                setTimeout(function(){ submit_btn.prop('disabled',false); submit_btn.addClass('rm-submit-btn-show'); }, 1000);\r\n                var error_element= jQuery(document).find(\"input.rm-form-field-invalid-msg\")[0];\r\n                if(error_element){\r\n                    error_element.focus();\r\n                }\r\n                return false;\r\n            }\r\n        }\r\n        \r\n        \/* Server validation for Username and Email field *\/\r\n        for(var i=0;i<rm_validation_attr.length;i++){\r\n            var validation_flag= true;\r\n            jQuery(\"[\" + rm_validation_attr[i] + \"=0]\").each(function(){\r\n               validation_flag= false;\r\n               return false;\r\n            });\r\n            \r\n            if(!validation_flag)\r\n              return;\r\n        }\r\n        \r\n        \r\n        rm_multipage.global_page_no_form_3_1++;\r\n        \r\n        \/*skip blank form pages*\/\r\n        while(jQuery(\"#rm_form_page_form_3_1_\"+rm_multipage.global_page_no_form_3_1+\" :input\").length == 0)\r\n        {\r\n        \r\n            if(maxpage <= rm_multipage.global_page_no_form_3_1)\r\n            {\r\n                    if(jQuery(\"#rm_form_page_form_3_1_\"+rm_multipage.global_page_no_form_3_1+\" :input\").length == 0){\r\n                        jQuery(\"#rm_next_form_page_button_3_1\").prop('type','submit');\r\n                        jQuery(\"#rm_prev_form_page_button_3_1\").prop('disabled',true);\r\n                        return;\r\n                    }        \r\n                    else\r\n                        break;\r\n            }\r\n        \r\n            rm_multipage.global_page_no_form_3_1++;\r\n        }\r\n            \r\n\t\r\n\tif(maxpage < rm_multipage.global_page_no_form_3_1)\r\n\t{\r\n\t\trm_multipage.global_page_no_form_3_1 = maxpage;\r\n\t\tjQuery(\"#rm_next_form_page_button_3_1\").prop('type','submit');\r\n                jQuery(\"#rm_prev_form_page_button_3_1\").prop('disabled',true);\r\n\t\treturn;\r\n\t}\r\n\tjQuery(\".rmformpage_form_3_1\").each(function (){\r\n\t\tvar visibledivid = \"rm_form_page_form_3_1_\"+rm_multipage.global_page_no_form_3_1;\r\n\t\tif(jQuery(this).attr('id') == visibledivid)\r\n\t\t\tjQuery(this).show();\r\n\t\telse\r\n\t\t\tjQuery(this).hide();\r\n\t});\r\n        jQuery('html, body').animate({\r\n            scrollTop: (jQuery('.rmformpage_form_3_1').first().offset().top)\r\n        },500);\r\n        jQuery(\"#rm_prev_form_page_button_3_1\").prop('disabled',false);\r\n        rmInitGoogleApi();\r\n}\r\nfunction gotoprev_form_3_1(){\r\n\t\r\n\tmaxpage = 1 ;\r\n        var form_object= jQuery(\"#rm_form_page_form_3_1_\"+rm_multipage.global_page_no_form_3_1).closest(\"form\");\r\n\trm_multipage.global_page_no_form_3_1--;\r\n        jQuery(\"#rm_next_form_page_button_3_1\").attr('type','button');\r\n        \/*\r\n        if(form_object.find('.rm_privacy_cb').is(':visible')) {\r\n            if(!form_object.find('.rm_privacy_cb').prop('checked')){\r\n                \/\/form_object.find('.rm_privacy_cb').trigger('change');\r\n                form_object.find('.rm_privacy_cb').focus();\r\n                form_object.find('.rm_privacy_cb').parent().parent().siblings('div.rm-form-error-message').show();\r\n                return false;\r\n            }\r\n        }\r\n        *\/\r\n        \/*skip blank form pages*\/\r\n        while(jQuery(\"#rm_form_page_form_3_1_\"+rm_multipage.global_page_no_form_3_1+\" :input\").length == 0)\r\n        {\r\n            if(1 >= rm_multipage.global_page_no_form_3_1)\r\n            {\r\n                    if(jQuery(\"#rm_form_page_form_3_1_\"+rm_multipage.global_page_no_form_3_1+\" :input\").length == 0){\r\n                        rm_multipage.global_page_no_form_3_1 = 1;\r\n                        jQuery(\"#rm_prev_form_page_button_3_1\").prop('disabled',true);\r\n                        return;\r\n                    }        \r\n                    else\r\n                        break;\r\n            }\r\n        \r\n            rm_multipage.global_page_no_form_3_1--;\r\n        }\r\n        \r\n\tjQuery(\".rmformpage_form_3_1\").each(function (){\r\n\t\tvar visibledivid = \"rm_form_page_form_3_1_\"+rm_multipage.global_page_no_form_3_1;\r\n\t\tif(jQuery(this).attr('id') == visibledivid)\r\n\t\t\tjQuery(this).show();\r\n\t\telse\r\n\t\t\tjQuery(this).hide();\r\n\t});\r\n        \r\n        if(rm_multipage.global_page_no_form_3_1 <= 1)\r\n        {\r\n            rm_multipage.global_page_no_form_3_1 = 1;\r\n            jQuery(\"#rm_prev_form_page_button_3_1\").prop('disabled',true);\r\n        }\r\n        jQuery('html, body').animate({\r\n            scrollTop: (jQuery('.rmformpage_form_3_1').first().offset().top)\r\n        },500);\r\n}         \r\n<\/script><\/pre><style type=\"text\/css\">label span.required { color: #B94A48; }span.help-inline, span.help-block { color: #888; font-size: .9em; font-style: italic; }<\/style><form novalidate onsubmit=\"return gotonext_form_3_1()\" autocomplete=\"off\"  action id=\"form_3_1\" method=\"post\" class=\"rmagic-form rmagic-form-btn-center form-horizontal\" name=\"rm_form\" number=\"1\" style><fieldset><input type=\"hidden\" name=\"rm_form_sub_id\" value=form_3_1><input type=\"hidden\" name=\"rm_form_sub_no\" value=1><input type=\"hidden\" name=\"rm_cond_hidden_fields\" id=\"rm_cond_hidden_fields\" value=\"\"><div class=\"rmheader\">Register with us by filling out\u00a0the form below.<\/div><div id=\"rm_stat_container\" style=\"display:none\"><div class=\"rmrow\"><div class=\"rmfield\" for=\"form_3_1-element-2\" style=\"\"><label>RM_Stats<\/label><\/div><div class=\"rminput\"><input type=\"text\" name=\"stat_id\" value=\"__uninit\" style=\"display:none\" id=\"form_3_1-element-2\"\/><\/div><\/div><\/div><div class=\"rm_form_page rmformpage_form_3_1\" id=\"rm_form_page_form_3_1_1\"><fieldset class='rmfieldset'><div class=\"rmrow\"><div class=\"rmfield\" for=\"rm_reg_form_email_3_1\" style=\"\"><label>E-post<sup class=\"required\">&nbsp;*<\/sup><\/label><\/div><div class=\"rminput\"><input type=\"email\" name=\"Email_17\" required value=\"\" id=\"rm_reg_form_email_3_1\"\/><\/div><\/div><div class=\"rmrow\"><div class=\"rmfield\" for=\"form_3_1-element-7\" style=\"\"><label>Eesnimi<\/label><\/div><div class=\"rminput\"><input type=\"text\" name=\"Fname_18\" value=\"\" id=\"form_3_1-element-7\"\/><\/div><\/div><div class=\"rmrow\"><div class=\"rmfield\" for=\"form_3_1-element-8\" style=\"\"><label>Perekonnanimi<\/label><\/div><div class=\"rminput\"><input type=\"text\" name=\"Lname_19\" value=\"\" id=\"form_3_1-element-8\"\/><\/div><\/div><div class=\"rmrow\"><div class=\"rmfield\" for=\"form_3_1-element-9\" style=\"\"><label>Ettev\u00f5te<\/label><\/div><div class=\"rminput\"><input type=\"text\" name=\"Textbox_20\" value=\"\" id=\"form_3_1-element-9\"\/><\/div><\/div><div class=\"rmrow\"><div class=\"rmfield\" for=\"rm_reg_form_pw_3_1\" style=\"\"><label>Parool<sup class=\"required\">&nbsp;*<\/sup><\/label><\/div><div class=\"rminput\"><input type=\"password\" name=\"pwd\" class=\"rm_form_default_fields\" required value=\"\" id=\"rm_reg_form_pw_3_1\" style labelstyle minlength=\"7\" data-confirmpasspos=\"right\"\/><\/div><div class=\"rmnote\"><div class=\"rmprenote\"><\/div><div class=\"rmnotecontent\">Parool peab olema v\u00e4hemalt 7 t\u00e4hem\u00e4rki pikk.<\/div><\/div><\/div><div class=\"rmrow\"><div class=\"rmfield\" for=\"rm_reg_form_pw_reentry\" style=\"\"><label>Sisestage parool uuesti<sup class=\"required\">&nbsp;*<\/sup><\/label><\/div><div class=\"rminput\"><input type=\"password\" name=\"password_confirmation\" class=\"rm_form_default_fields\" required value=\"\" placeholder=\"Repeat your password\" id=\"rm_reg_form_pw_reentry\" data-confirmpasspos=\"right\"\/><\/div><div class=\"rmnote\"><div class=\"rmprenote\"><\/div><div class=\"rmnotecontent\">Parool peab olema v\u00e4hemalt 7 t\u00e4hem\u00e4rki pikk.<\/div><\/div><\/div><div class=\"rmrow\"><p  class=\"rm_form_field_type_paragraph\">Oma konto loomisega n\u00f5ustute meie <a class=\"agree\" href=\"https:\/\/sutustraws.com\/et\/tingimused\/\" target=\"_blank\">Tingimuste<\/a> ja <a class=\"agree\" href=\"https:\/\/sutustraws.com\/et\/privaatsuspoliitika\/\" target=\"_blank\">Privaatsuspoliitikaga<\/a><\/p><\/div><div class=\"rmrow rm_captcha_fieldrow\"><div class=\"rminput\"><pre class=\"rm-pre-wrapper-for-script-tags\"><script type=text\/javascript>if(typeof rm_captcha_site_key === \"undefined\")rm_captcha_site_key=\"6LdZLO8UAAAAADwJq_IQZLfKgPMum1eKy35AXiYR\";<\/script><\/pre><div style=\"overflow:hidden\" class=\"g-recaptcha\" data-sitekey=\"6LdZLO8UAAAAADwJq_IQZLfKgPMum1eKy35AXiYR\"><\/div><\/div><\/div><\/fieldset><\/div><div class=\"buttonarea\"><input   type=\"submit\" value=\"Registreeru\" name=\"rm_sb_btn\" style id=\"rm_next_form_page_button_3_1\" class=\"rm_next_btn rm-btn rm-btn-primary button button-primary\"\/> <input   type=\"submit\" value=\"Registreeru\" name=\"rm_sb_btn\" style class=\"rm_noscript_btn rm-btn rm-btn-primary button button-primary\" id=\"form_3_1-element-17\"\/><\/div><\/fieldset><\/form><pre class=\"rm-pre-wrapper-for-script-tags\"><script type=\"text\/javascript\">jQuery(document).ready(function() {\t\tjQuery(\"#form_3_1\").bind(\"submit\", function(){\n                        \/\/jQuery(this).find(\"input[name=rm_slug]\").attr(\"value\",jQuery(this).find(\"input[name=submit]\").attr(\"value\"));\n\t\t\tjQuery(this).find(\"input[type=submit]\").attr(\"disabled\", \"disabled\"); \n\t\t});            \n                   \n                   jQuery(\"#rm_reg_form_email_3_1\").change(function(){\n                   var data = {\n                           'action': 'rm_user_exists',\n                           'rm_sec_nonce': 'be4e9b4470',\n                           'rm_slug': 'rm_user_exists',\n                           'email': jQuery(this).val(),\n                           'attr': 'data-rm-valid-email',\n                           'form_id':\"3\"\n                   };\n                   \n                   rm_user_exists(this,rm_ajax_url,data);\n                  \n                 });\n           }); <\/script><\/pre>        <noscript>\n            <div class=\"rm-js-disabled\"><b>Note: It looks like JavaScript is disabled in your browser. Some elements of this form may require JavaScript to work properly. If you have trouble submitting the form, try enabling JavaScript momentarily and resubmit. JavaScript settings are usually found in Browser Settings or Browser Developer menu.<\/b><\/div>\n            <style>\n                .rm_next_btn {display:none !important}\n                .rm_noscript_btn {display: block !important}\n            <\/style>\n        <\/noscript>\n    <\/div><\/div><!--\/noptimize--><div class=\"fusion-clearfix\"><\/div><\/div><\/div><div class=\"fusion-layout-column fusion_builder_column fusion-builder-column-4 fusion_builder_column_1_4 1_4 fusion-one-fourth fusion-column-last\" style=\"--awb-bg-size:cover;width:25%;width:calc(25% - ( ( 4% + 4% ) * 0.25 ) );\"><div class=\"fusion-column-wrapper fusion-column-has-shadow fusion-flex-column-wrapper-legacy\"><div class=\"fusion-clearfix\"><\/div><\/div><\/div><\/div><\/div><\/div><\/p>\n","protected":false},"excerpt":{"rendered":"","protected":false},"author":1,"featured_media":0,"parent":0,"menu_order":0,"comment_status":"closed","ping_status":"closed","template":"100-width.php","meta":{"_acf_changed":false,"footnotes":""},"yst_prominent_words":[118,520],"class_list":["post-723","page","type-page","status-publish","hentry"],"acf":[],"jetpack_sharing_enabled":true,"_links":{"self":[{"href":"https:\/\/sutustraws.com\/et\/wp-json\/wp\/v2\/pages\/723","targetHints":{"allow":["GET"]}}],"collection":[{"href":"https:\/\/sutustraws.com\/et\/wp-json\/wp\/v2\/pages"}],"about":[{"href":"https:\/\/sutustraws.com\/et\/wp-json\/wp\/v2\/types\/page"}],"author":[{"embeddable":true,"href":"https:\/\/sutustraws.com\/et\/wp-json\/wp\/v2\/users\/1"}],"replies":[{"embeddable":true,"href":"https:\/\/sutustraws.com\/et\/wp-json\/wp\/v2\/comments?post=723"}],"version-history":[{"count":5,"href":"https:\/\/sutustraws.com\/et\/wp-json\/wp\/v2\/pages\/723\/revisions"}],"predecessor-version":[{"id":1449,"href":"https:\/\/sutustraws.com\/et\/wp-json\/wp\/v2\/pages\/723\/revisions\/1449"}],"wp:attachment":[{"href":"https:\/\/sutustraws.com\/et\/wp-json\/wp\/v2\/media?parent=723"}],"wp:term":[{"taxonomy":"yst_prominent_words","embeddable":true,"href":"https:\/\/sutustraws.com\/et\/wp-json\/wp\/v2\/yst_prominent_words?post=723"}],"curies":[{"name":"wp","href":"https:\/\/api.w.org\/{rel}","templated":true}]}}