{"id":748,"date":"2019-06-11T12:43:48","date_gmt":"2019-06-11T12:43:48","guid":{"rendered":"http:\/\/test.sutustraws.com\/?page_id=748"},"modified":"2019-09-07T16:30:33","modified_gmt":"2019-09-07T13:30:33","slug":"privaatsuspoliitika","status":"publish","type":"page","link":"https:\/\/sutustraws.com\/et\/privaatsuspoliitika\/","title":{"rendered":"Privaatsuspoliitika"},"content":{"rendered":"<div class=\"fusion-fullwidth fullwidth-box fusion-builder-row-1 nonhundred-percent-fullwidth non-hundred-percent-height-scrolling\" style=\"--awb-border-radius-top-left:0px;--awb-border-radius-top-right:0px;--awb-border-radius-bottom-right:0px;--awb-border-radius-bottom-left:0px;--awb-flex-wrap:wrap;\" ><div class=\"fusion-builder-row fusion-row\"><div class=\"fusion-layout-column fusion_builder_column fusion-builder-column-0 fusion_builder_column_5_6 5_6 fusion-five-sixth fusion-column-first\" style=\"--awb-bg-size:cover;--awb-margin-bottom:0px;width:83.3333333333%;width:calc(83.3333333333% - ( ( 4% ) * 0.833333333333 ) );margin-right: 4%;\"><div class=\"fusion-column-wrapper fusion-column-has-shadow fusion-flex-column-wrapper-legacy\"><div class=\"fusion-title title fusion-title-1 fusion-sep-none fusion-title-text fusion-title-size-one\" style=\"--awb-margin-bottom-small:25px;\"><h1 class=\"fusion-title-heading title-heading-left fusion-responsive-typography-calculated\" style=\"margin:0;--fontSize:50;line-height:1.25;\">Privaatsuspoliitika<\/h1><\/div><div class=\"fusion-sep-clear\"><\/div><div class=\"fusion-separator fusion-clearfix\" style=\"float:left;margin-bottom:30px;width:100%;max-width:65px;\"><div class=\"fusion-separator-border sep-single sep-solid\" style=\"--awb-height:20px;--awb-amount:20px;border-color:#3d3d3d;border-top-width:1px;\"><\/div><\/div><div class=\"fusion-sep-clear\"><\/div><div class=\"fusion-text fusion-text-1\"><p>Sutu O\u00dc (edaspidi Sutu) on v\u00f5tnud endale eesm\u00e4rgiks olla isikuandmete t\u00f6\u00f6tlemisel Sinule usaldusv\u00e4\u00e4rseks ja Sinu \u00f5igusi austavaks partneriks. Sellest l\u00e4htuvalt oleme koostanud privaatsuspoliitika p\u00f5him\u00f5tted, mis k\u00e4sitlevad kliendi andmete kogumist, kasutamist, avaldamist, edastamist ja talletamist.<\/p>\n<ol>\n<li>M\u00d5ISTED\n<ul>\n<li>Andmesubjekt on f\u00fc\u00fcsiline isik, kelle kohta on Sutul teavet v\u00f5i teave, millega on v\u00f5imalik f\u00fc\u00fcsiline isik tuvastada. Andmesubjektid on n\u00e4iteks f\u00fc\u00fcsilisest isikust Kliendid, koost\u00f6\u00f6partnerid ning t\u00f6\u00f6tajad kelle kohta on Sutul Isikuandmeid.<\/li>\n<li>Privaatsustingimused on k\u00e4esolev tekst, mis s\u00e4testab Sutu Isikuandmete T\u00f6\u00f6tlemise p\u00f5him\u00f5tted.<\/li>\n<li>Isikuandmed on igasugune teave tuvastatud v\u00f5i tuvastatava f\u00fc\u00fcsilise isiku kohta.<\/li>\n<li>Isikuandmete T\u00f6\u00f6tlemine on igasugune Andmesubjekti Isikuandmetega tehtav toiming. N\u00e4iteks: Isikuandmete kogumine, salvestamine, korrastamine, s\u00e4ilitamine, muutmine ja avalikustamine, juurdep\u00e4\u00e4su v\u00f5imaldamine, p\u00e4ringute teostamine ja v\u00e4ljav\u00f5tete tegemine, kasutamine, edastamine, ristkasutamine, \u00fchendamine, sulgemine, kustutamine v\u00f5i h\u00e4vitamine, v\u00f5i mitu eelnimetatud toimingut, s\u00f5ltumata toimingute teostamise viisist ja kasutatavatest vahenditest.<\/li>\n<li>Klient on iga f\u00fc\u00fcsiline v\u00f5i juriidiline isik, kes kasutab v\u00f5i on avaldanud soovi kasutada Sutu tooteid.<\/li>\n<li>Leping on Sutu ja Kliendi vahel s\u00f5lmitud Toodete ostu-m\u00fc\u00fcgileping.<\/li>\n<li>Veebileht www.sutustraws.com on Sutu veebileht.<\/li>\n<li>K\u00fclastaja on isik, kes kasutab Sutu veebilehte.<\/li>\n<li>Tooted on erinevad Sutu poolt m\u00fc\u00fcgiks pakutavad kaubad.<\/li>\n<li>K\u00fcpsised on andmefailid, mida salvestatakse m\u00f5nikord Veebilehe K\u00fclastaja seadmesse.<\/li>\n<li>Sutu Andmekaitsespetsialist on isik, kes j\u00e4rgib Sutu Isikuandmete T\u00f6\u00f6tlemise p\u00f5him\u00f5tete kohaldamist ning, kellega on Andmesubjektil v\u00f5imalik kaebuse korral \u00fchendust v\u00f5tta.<\/li>\n<li>M\u00fc\u00fcgikanalid on Sutu poolt kasutatavad Andmesubjektiga suhtlemise viisid, kaupade m\u00fc\u00fcgiks loodud vahendid, sh e-post, telefon, avalik ja sotsiaalmeedia, erinevad vestluskanalid, reklaamid ja muud sarnased t\u00f6\u00f6riistad Veebilehtedel ja mujal.<\/li>\n<\/ul>\n<\/li>\n<\/ol>\n<ol start=\"2\">\n<li>\u00dcLDS\u00c4TTED<\/li>\n<\/ol>\n<ul>\n<li>Sutu on juriidiline isik Sutu O\u00dc, registrikoodiga 14562730, asukohaga Saare maakond, Saaremaa vald, Suure-Rootsi k\u00fcla, Veski.<\/li>\n<li>Isikuandmeid v\u00f5ib Sutus t\u00f6\u00f6delda vastutava t\u00f6\u00f6tlejana m\u00e4\u00e4rates kindlaks t\u00f6\u00f6tlemise eesm\u00e4rgid ning vahendid; volitatud t\u00f6\u00f6tlejana vastutava t\u00f6\u00f6tleja juhiste j\u00e4rgi; vastuv\u00f5tjana ulatuses, kellele Isikuandmeid edastatakse.<\/li>\n<li>Isikuandmete vastutav t\u00f6\u00f6tleja on Sutu O\u00dc, kes edastab maksete teostamiseks ja kaupade kohaletoimetamiseks vajalikud isikuandmeid volitatud t\u00f6\u00f6tlejatele, st veoteenuse osutajatele ja maksevahendajatele, sh Maksekeskus AS.<\/li>\n<li>Privaatsustingimused kohalduvad Andmesubjektidele ning Privaatsustingimustes nimetatud \u00f5igustest ja kohustustest l\u00e4htuvad k\u00f5ik Sutu t\u00f6\u00f6tajad ja koost\u00f6\u00f6partnerid, kellel on kokkupuude Sutu valduses olevate Isikuandmetega.<\/li>\n<li>Privaatsustingimusi v\u00f5ivad t\u00e4iendada Veebilehel v\u00f5i seadmetes avaldatavad privaatsusteadaanded, samuti v\u00f5ib Privaatsustingimusi nendega muuta ja t\u00e4iendada.<\/li>\n<\/ul>\n<ol start=\"3\">\n<li>P\u00d5HIM\u00d5TTED<\/li>\n<\/ol>\n<ul>\n<li>Sutu l\u00e4htub Isikuandmete T\u00f6\u00f6tlemisel alati Andmesubjektide huvidest, \u00f5igustest ja vabadustest.<\/li>\n<li>Sutu eesm\u00e4rgiks on vastutustundlik Isikuandmete T\u00f6\u00f6tlemine, mille puhul l\u00e4htutakse parimast praktikast, pidades silmas, et alati ollakse valmis demonstreerima Isikuandmete T\u00f6\u00f6tlemise vastavust seatud eesm\u00e4rkidele.<\/li>\n<li>Sutu k\u00f5ik Isikuandmete T\u00f6\u00f6tlemisega seonduvad protsessid, juhendid, toimingud ja tegevused l\u00e4htuvad j\u00e4rgnevatest p\u00f5him\u00f5tetest:\n<ul>\n<li>Isikuandmete T\u00f6\u00f6tlemise puhul on olemas selleks seadusest tulenev alus, n\u00e4iteks n\u00f5usolek;<\/li>\n<li>L\u00e4bipaistvus. Isikuandmete T\u00f6\u00f6tlemine on Andmesubjektile l\u00e4bipaistev ja arusaadav.<\/li>\n<li>Eesm\u00e4rgip\u00e4rasus. Isikuandmeid kogutakse t\u00e4pselt ja selgelt kindlaksm\u00e4\u00e4ratud ning \u00f5igusp\u00e4rastel eesm\u00e4rkidel ning neid ei t\u00f6\u00f6delda hiljem viisil, mis on nende eesm\u00e4rkidega vastuolus.<\/li>\n<li>\u00d5igsus. Isikuandmed on \u00f5iged ja vajaduse korral ajakohastatud ning tarvitusele on v\u00f5etud k\u00f5ik m\u00f5istlikud meetmed, et Isikuandmete T\u00f6\u00f6tlemine eesm\u00e4rgi seisukohast eba\u00f5iged Isikuandmed kustutataks v\u00f5i parandataks.<\/li>\n<li>Usaldusv\u00e4\u00e4rsus ja konfidentsiaalsus. Isikuandmete T\u00f6\u00f6tlemine toimub viisil, mis tagab Isikuandmete asjakohase turvalisuse, sealhulgas kaitseb loata v\u00f5i ebaseadusliku T\u00f6\u00f6tlemise eest ning juhusliku kaotamise, h\u00e4vitamise v\u00f5i kahjustumise eest, kasutades m\u00f5istlikke tehnilisi v\u00f5i korralduslikke meetmeid.<\/li>\n<\/ul>\n<\/li>\n<\/ul>\n<ol start=\"4\">\n<li>ISIKUANDMETE KOOSSEIS<\/li>\n<\/ol>\n<ul>\n<li>Sutu kogub muuhulgas j\u00e4rgmist t\u00fc\u00fcpi Isikuandmeid:\n<ul>\n<li>Andmesubjekti poolt Sutule avaldatud Isikuandmed (nt nimi, e-posti aadress, postiaadress, telefoninumber);<\/li>\n<li>Andmesubjekti ja Sutu tavap\u00e4rase suhtluse tulemusel tekkivaid Isikuandmed;<\/li>\n<li>Andmesubjekti poolt ilmselgelt avalikustatud Isikuandmed (nt sotsiaalmeedias);<\/li>\n<li>Teenuste tarbimisel tekkivad Isikuandmed (nt Sutu e-poest ostmisel);<\/li>\n<li>Veebilehe k\u00fclastamise ja kasutamise tulemusena tekkivad Isikuandmed (nt Veebilehel veedetud aeg);<\/li>\n<li>Kolmandatelt isikutelt saadavad Isikuandmed;<\/li>\n<li>Sutu poolt loodud ja kombineeritud Isikuandmed (kliendisuhte raames toimunud kirjavahetus v\u00f5i tellimuste ajaloo nimistu).<\/li>\n<\/ul>\n<\/li>\n<\/ul>\n<ol start=\"5\">\n<li>ISIKUANDMETE KOOSSEIS NING T\u00d6\u00d6TLEMISE EESM\u00c4RGID JA ALUSED<\/li>\n<\/ol>\n<ul>\n<li>Sutu T\u00f6\u00f6tleb Isikuandmeid eranditult n\u00f5usoleku v\u00f5i seaduse alusel.<\/li>\n<li>N\u00f5usoleku alusel T\u00f6\u00f6tleb Sutu isikuandmeid t\u00e4pselt nendes piirides, ulatuses ja eesm\u00e4rkidel, mille Andmesubjekt on kindlaks m\u00e4\u00e4ranud. N\u00f5usolekute puhul l\u00e4htub Sutu p\u00f5him\u00f5ttest, et iga n\u00f5usolek peab olema muudest k\u00fcsimustest selgelt eristatav, ning arusaadaval ja lihtsasti k\u00e4ttesaadaval kujul, selges ja lihtsas keeles. N\u00f5usolek v\u00f5ib olla antud nii kirjalikult kui elektroonilisel teel v\u00f5i suulise avaldusena. Andmesubjekt annab n\u00f5usoleku vabatahtlikult, konkreetselt, teadlikult ja \u00fchem\u00f5tteliselt n\u00e4iteks lahtri m\u00e4rgistamise kaudu Veebilehel.<\/li>\n<li>\u00d5igustatud huvi t\u00e4hendab Sutu huvi enda ettev\u00f5tte majandamiseks ja juhtimiseks v\u00f5imaldamaks pakkuda parimaid v\u00f5imalikke Teenuseid turul. Seadusest tuleneval alusel T\u00f6\u00f6tleb Sutu Isikuandmeid vaid p\u00e4rast hoolikat hindamist, tuvastamaks, et Sutul on \u00f5igustatud huvi, mille alusel Isikuandmete T\u00f6\u00f6tlemine on vajalik ning vastavuses Andmesubjekti huvide ja \u00f5igustega.<\/li>\n<li>Eelk\u00f5ige v\u00f5ib \u00f5igustatud huvi alusel Isikuandmete T\u00f6\u00f6tlemine toimuda j\u00e4rgmistel eesm\u00e4rkidel:\n<ul>\n<li>Usaldusliku kliendisuhte tagamiseks, n\u00e4iteks Isikuandmete T\u00f6\u00f6tlemine, mis on rangelt vajalik tegelike kasusaajate v\u00e4ljaselgitamiseks v\u00f5i pettuste v\u00e4ltimiseks;<\/li>\n<li>Kliendibaasi haldamine ja anal\u00fc\u00fcsimine, et parandada Teenuste ja toodete k\u00e4ttesaadavust, valikut, kvaliteeti ning et teha Kliendile n\u00f5usoleku korral parimaid ja personaalsemaid pakkumisi;<\/li>\n<li>Veebilehtede, mobiilirakenduste ja muude Teenuste kasutamisel kogutavad identifikaatorid ja Isikuandmed. Sutu kasutab kogutavaid andmeid veebianal\u00fc\u00fcsiks v\u00f5i mobiili- ja info\u00fchiskonnateenuste anal\u00fc\u00fcsiks, t\u00f6\u00f6tamise tagamiseks, parendamiseks, statistika tegemiseks ja K\u00fclastaja k\u00e4itumise ning kasutuskogemuse anal\u00fc\u00fcsiks ning parema ja personaalsema Teenuse osutamiseks;<\/li>\n<li>Kampaaniate korraldamine, s.h personaliseeritud ja suunatud kampaaniate korraldamine, Klientide ja K\u00fclastajate rahulolu uuringute teostamine ning teostatud turundustegevuste efektiivsuse m\u00f5\u00f5tmine;<\/li>\n<li>Kliendi ja K\u00fclastaja k\u00e4itumise anal\u00fc\u00fcsimine erinevates M\u00fc\u00fcgikanalites, Veebilehtedel;<\/li>\n<li>Teeninduse monitooring &#8211; Sutu v\u00f5ib salvestada nii enda asukoha ruumides kui sidevahendite (e-posti, telefoni vm) teel antud teateid ja korraldusi, samuti teavet ja muid toimingud, mis Sutu on teinud ning vajadusel kasutab neid salvestisi korralduste v\u00f5i muude toimingute t\u00f5endamiseks;<\/li>\n<li>V\u00f5rgu-, info- ja k\u00fcberturbe kaalutlustel, n\u00e4iteks Veebilehtede turvalisuse tagamiseks ning tagavarakoopiate tegemiseks ja talletamiseks v\u00f5etavad meetmed;<\/li>\n<li>\u00d5igusn\u00f5uete koostamiseks, esitamiseks v\u00f5i kaitsmiseks.<\/li>\n<\/ul>\n<\/li>\n<li>Seadusest tuleneva kohustuse t\u00e4itmiseks T\u00f6\u00f6tleb Sutu Isikuandmeid seaduses s\u00e4testatud kohustuste t\u00e4itmiseks v\u00f5i seaduses lubatud kasutusviiside rakendamiseks. N\u00e4iteks tulenevad seadusest kohustused maksete t\u00f6\u00f6tlemisel v\u00f5i rahapesu reeglite j\u00e4rgimisel.<\/li>\n<li>Juhul kui Isikuandmete T\u00f6\u00f6tlemine toimub uuel eesm\u00e4rgil kui see, milleks Isikuandmeid algselt koguti, v\u00f5i ei p\u00f5hine Andmesubjekti antud n\u00f5usolekul, hindab Sutu hoolikalt sellise uue T\u00f6\u00f6tluse lubatavust.<\/li>\n<\/ul>\n<ol start=\"6\">\n<li>KLIENDIANDMETE AVALIKUSTAMINE JA\/V\u00d5I EDASTAMINE KOLMANDATELE ISIKUTELE<\/li>\n<\/ol>\n<ul>\n<li>Sutu teeb koost\u00f6\u00f6d isikutega, kellele Sutu v\u00f5ib edastada koost\u00f6\u00f6 raames ja eesm\u00e4rgil Andmesubjektidega seotud andmeid, sh Isikuandmeid.<\/li>\n<li>Sellisteks kolmandateks isikuteks v\u00f5ivad olla n\u00e4iteks postiteenust vahendavad v\u00f5i osutavad isikud, IT partnerid, v\u00f5lgade sissen\u00f5udmisteenuse osutajad, makseh\u00e4ireregistrid, asutused ja organisatsioonid tingimusel, et:\n<ul>\n<li>vastav eesm\u00e4rk ja T\u00f6\u00f6tlus on seaduslik;<\/li>\n<li>Isikuandmete T\u00f6\u00f6tlemine toimub vastavalt Sutui juhistele ning kehtiva lepingu alusel.<\/li>\n<\/ul>\n<\/li>\n<\/ul>\n<ol start=\"7\">\n<li>ISIKUANDMETE T\u00d6\u00d6TLEMISE TURVALISUS<\/li>\n<\/ol>\n<ul>\n<li>Sutu s\u00e4ilitab Isikuandmeid minimaalselt vajaliku aja.<\/li>\n<li>Sutu on kehtestanud juhiseid, kuidas tagada Isikuandmete turvalisus nii l\u00e4bi organisatoorsete kui tehniliste meetmete kasutamise.<\/li>\n<li>Juhul kui toimub Isikuandmetega seonduvalt mistahes intsident, v\u00f5tab Sutu tarvitusele k\u00f5ik vajalikud meetmed tagaj\u00e4rgede leevendamiseks ning tulevikus relevantsete riskide maandamiseks. Muuhulgas registreerib Sutu k\u00f5ik intsidendid ning teavitab selleks ette n\u00e4htud moel Andmekaitse Inspektsiooni ja Andmesubjekti otse.<\/li>\n<\/ul>\n<ol start=\"8\">\n<li>ANDMESUBJEKTI \u00d5IGUSED<\/li>\n<\/ol>\n<ul>\n<li>Andmesubjektil on igal ajal \u00f5igus teatada Sutule oma soovist n\u00f5usolek Isikuandmete T\u00f6\u00f6tlemiseks tagasi v\u00f5tta.<\/li>\n<li>Sutu antud uudiskirja saaja n\u00f5usolekut saab tagasi v\u00f5tta uudiskirja all olevalt lingilt.<\/li>\n<li>Isikuandmete T\u00f6\u00f6tlemisel on Andmesubjektil ka j\u00e4rgnevad \u00f5igused:\n<ul>\n<li>\u00d5igus saada teavet ehk Andmesubjekti \u00f5igus saada teavet tema kohta kogutud Isikuandmete kohta.<\/li>\n<li>\u00d5igus tutvuda andmetega mis mh h\u00f5lmab Andmesubjekti \u00f5igust T\u00f6\u00f6deldavate Isikuandmete koopiale.<\/li>\n<li>\u00d5igus eba\u00f5igete Isikuandmete parandamisele.<\/li>\n<li>\u00d5igus andmete kustutamisele ehk teatud juhul on Andmesubjektil \u00f5igus n\u00f5uda, et Isikuandmed kustutataks n\u00e4iteks, kui T\u00f6\u00f6tlus toimub ainult n\u00f5usoleku alusel.<\/li>\n<li>\u00d5igus n\u00f5uda Isikuandmete T\u00f6\u00f6tlemise piiramist. See \u00f5igus tekib muuhulgas juhul, kui Isikuandmete T\u00f6\u00f6tlemine ei ole seaduse alusel lubatud v\u00f5i kui Andmesubjekt vaidlustab Isikuandmete \u00f5igsuse. Andmesubjektil on \u00f5igus n\u00f5uda Isikuandmete T\u00f6\u00f6tlemise piiramist ajaks, mis v\u00f5imaldab vastutaval t\u00f6\u00f6tlejal Isikuandmete \u00f5igsust kontrollida v\u00f5i kui isikuandmete T\u00f6\u00f6tlemine on ebaseaduslik, kuid Andmesubjekt ei taotle isikuandmete kustutamist.<\/li>\n<li>\u00d5igus j\u00e4relevalveasutuse hinnangule selle kohta, kas Andmesubjekti Isikuandmete T\u00f6\u00f6tlemine on seadusp\u00e4rane.<\/li>\n<\/ul>\n<\/li>\n<\/ul>\n<ol start=\"9\">\n<li>\u00d5IGUSTE TEOSTAMINE JA PRETENSIOONIDE ESITAMINE<\/li>\n<\/ol>\n<ul>\n<li>\u00d5iguste teostamine. Andmesubjektil on \u00f5igus Isikuandmete T\u00f6\u00f6tlemisega seonduva k\u00fcsimuse, taotluse v\u00f5i kaebuse ilmnemise korral p\u00f6\u00f6rduda Sutu poole e-posti teel <a href=\"mailto:info@sutu.ee\">info@sutu.ee<\/a><\/li>\n<li>Kaebuste esitamine. Andmesubjektil on \u00f5igus p\u00f6\u00f6rduda kaebusega Sutu, Andmekaitse Inspektsiooni v\u00f5i kohtu poole kui Andmesubjekt leiab, et Isikuandmete T\u00f6\u00f6tlemisel on rikutud tema \u00f5igusi. Andmekaitseameti (AKI) kontaktandmed leiab AKI kodulehek\u00fcljel aadressil: http:\/\/www.aki.ee\/et\/inspektsioon\/kontaktid-nouandetelefon.<\/li>\n<\/ul>\n<ol start=\"10\">\n<li>K\u00dcPSISED JA MUUD VEEBITEHNOLOOGIAD<\/li>\n<\/ol>\n<ul>\n<li>Sutu v\u00f5ib koguda Veebilehtede ja teiste info\u00fchiskonnateenuste K\u00fclastajate kohta andmeid kasutades selleks K\u00fcpsiseid (s.o v\u00e4iksed infokillud, mis talletatakse K\u00fclastaja brauseri poolt K\u00fclastaja arvuti v\u00f5i muu seadme k\u00f5vakettale) v\u00f5i muid sarnaseid tehnoloogiaid (nt IP-aadress, seadmeinfo, asukohateave) ning neid andmeid t\u00f6\u00f6delda.<\/li>\n<li>Sutu kasutab kogutavaid andmeid, et: v\u00f5imaldada Teenuse osutamine vastavalt K\u00fclastaja v\u00f5i Kliendi harjumustele; kindlustada parim Teenuse kvaliteet; muuta veebilehe kasutuskogemust Kliendile mugavamaks; informeerida K\u00fclastajat ja Klienti sisust ja teha soovitusi; muuta reklaamid asjakohasemaks ja t\u00f5hustada turunduspingutused; anal\u00fc\u00fcsida kliendik\u00e4itumist ning seel\u00e4bi parendada veebikogemust; h\u00f5lbustada sisselogimist ja andmete kaitsmist. Kogutud andmeid kasutatakse ka K\u00fclastajate loendamiseks ning nende kasutusharjumuste fikseerimiseks.<\/li>\n<li>Kasutame oma e-poe keskkonna k\u00fcpsiseid kasutajate tuvastamiseks unikaalsete, kuid anon\u00fc\u00fcmsete isikutena.<\/li>\n<li>Sutu kasutab sessiooni-, p\u00fcsi- ja reklaamik\u00fcpsiseid. Sessioonik\u00fcpsis kustutatakse automaatselt p\u00e4rast igat k\u00fclastust; p\u00fcsik\u00fcpsiseid j\u00e4\u00e4vad alles Veebilehe korduval kasutamisel; reklaamik\u00fcpsiseid kasutatakse K\u00fclastajale sobilike materjalide edastamiseks v\u00f5i selleks, et piirata sama reklaami n\u00e4gemise kordade arvu veebilehel. Kolmandate osapoolte K\u00fcpsiseid kasutavad Sutu partnerite Veebilehed. Nende K\u00fcpsiste tekkimist Sutu ei kontrolli, seega nende k\u00fcpsiste kohta saad infot kolmandate osapoolte k\u00e4est.<\/li>\n<li>K\u00fcpsiste osas n\u00f5ustuvad K\u00fclastajad nende kasutamisega Veebilehel, Info\u00fchiskonna teenuse seadetes v\u00f5i veebibrauseris. Juhul, kui K\u00fclastaja ei soovi veebilehel k\u00fcpsiste kasutamist lubada, v\u00f5ib ta need enda veebilehitseja seadetes blokeerida, kasutada privaatse lehitsemise v\u00f5imalust v\u00f5i need t\u00e4ielikult kustutada, kasutades veebilehitseja teenusepakkuja poolt antud juhiseid.<\/li>\n<li>Enamik veebilehitsejaid lubavad vaikimisi K\u00fcpsiseid. Ilma K\u00fcpsiseid t\u00e4ielikult lubamata ei ole Veebilehe funktsioonid K\u00fclastajale t\u00e4ies ulatuses saadaval ning v\u00f5ib esineda meile etten\u00e4gematuid probleeme funktsionaalsuse ning kasutuskogemusega. K\u00fcpsiste ja muude sarnaste tehnoloogiate lubamine, keelamine v\u00f5i kustutamine on K\u00fclastaja kontrolli all l\u00e4bi enda veebilehitseja s\u00e4tete, info\u00fchiskonna teenuse seadistuste ja selliste privaatsuse t\u00f5hustamise platvormide.<\/li>\n<\/ul>\n<ol start=\"11\">\n<li>KONTAKTANDMED JA INFORMATSIOON<\/li>\n<\/ol>\n<ul>\n<li>Sutu Andmesubjekti jaoks olulised kontaktandmed:\n<ul>\n<li>Sutuga saab Isikuandmete k\u00fcsimustes \u00fchendust e-posti aadressil info@sutu.ee<\/li>\n<\/ul>\n<\/li>\n<\/ul>\n<ol start=\"12\">\n<li>MUUD TINGIMUSED<\/li>\n<\/ol>\n<ul>\n<li>Sutul on \u00f5igus \u00fchepoolselt muuta k\u00e4esolevaid Privaatsustingimusi. Muutmisest teavitab Sutu Andmesubjekte www.sutustraws.com kodulehek\u00fcljel. Eeldame, et kui asute kasutama Sutu veebilehte www.sutustraws.com, olete privaatsustingimustega tutvunud ja n\u00f5ustunud.<\/li>\n<\/ul>\n<\/div><div class=\"fusion-sep-clear\"><\/div><div class=\"fusion-separator fusion-full-width-sep\" style=\"margin-left: auto;margin-right: auto;margin-bottom:5%;width:100%;\"><\/div><div class=\"fusion-sep-clear\"><\/div><div class=\"fusion-clearfix\"><\/div><\/div><\/div><\/div><\/div>\n","protected":false},"excerpt":{"rendered":"","protected":false},"author":1,"featured_media":0,"parent":0,"menu_order":0,"comment_status":"closed","ping_status":"open","template":"","meta":{"_acf_changed":false,"footnotes":""},"yst_prominent_words":[572,571,476,485,459,466,474,478,463,477,458,480,475,570,483,481,487,482,479,115],"class_list":["post-748","page","type-page","status-publish","hentry"],"acf":[],"jetpack_sharing_enabled":true,"_links":{"self":[{"href":"https:\/\/sutustraws.com\/et\/wp-json\/wp\/v2\/pages\/748","targetHints":{"allow":["GET"]}}],"collection":[{"href":"https:\/\/sutustraws.com\/et\/wp-json\/wp\/v2\/pages"}],"about":[{"href":"https:\/\/sutustraws.com\/et\/wp-json\/wp\/v2\/types\/page"}],"author":[{"embeddable":true,"href":"https:\/\/sutustraws.com\/et\/wp-json\/wp\/v2\/users\/1"}],"replies":[{"embeddable":true,"href":"https:\/\/sutustraws.com\/et\/wp-json\/wp\/v2\/comments?post=748"}],"version-history":[{"count":5,"href":"https:\/\/sutustraws.com\/et\/wp-json\/wp\/v2\/pages\/748\/revisions"}],"predecessor-version":[{"id":1704,"href":"https:\/\/sutustraws.com\/et\/wp-json\/wp\/v2\/pages\/748\/revisions\/1704"}],"wp:attachment":[{"href":"https:\/\/sutustraws.com\/et\/wp-json\/wp\/v2\/media?parent=748"}],"wp:term":[{"taxonomy":"yst_prominent_words","embeddable":true,"href":"https:\/\/sutustraws.com\/et\/wp-json\/wp\/v2\/yst_prominent_words?post=748"}],"curies":[{"name":"wp","href":"https:\/\/api.w.org\/{rel}","templated":true}]}}