{"id":761,"date":"2019-05-18T09:03:32","date_gmt":"2019-05-18T09:03:32","guid":{"rendered":"http:\/\/test.sutustraws.com\/?page_id=761"},"modified":"2019-09-07T16:27:14","modified_gmt":"2019-09-07T13:27:14","slug":"leader-eesti","status":"publish","type":"page","link":"https:\/\/sutustraws.com\/et\/leader-eesti\/","title":{"rendered":"Leader Eesti"},"content":{"rendered":"<p><div class=\"fusion-fullwidth fullwidth-box fusion-builder-row-1 rightbgcolor nonhundred-percent-fullwidth non-hundred-percent-height-scrolling fusion-no-small-visibility fusion-no-medium-visibility\" style=\"--awb-border-radius-top-left:0px;--awb-border-radius-top-right:0px;--awb-border-radius-bottom-right:0px;--awb-border-radius-bottom-left:0px;--awb-padding-top:14%;--awb-padding-bottom:18%;--awb-margin-bottom:5%;--awb-flex-wrap:wrap;\" ><div class=\"fusion-builder-row fusion-row\"><div class=\"fusion-layout-column fusion_builder_column fusion-builder-column-0 fusion_builder_column_1_2 1_2 fusion-one-half fusion-column-first\" style=\"--awb-bg-size:cover;--awb-margin-bottom:0px;width:50%;width:calc(50% - ( ( 6% ) * 0.5 ) );margin-right: 6%;\"><div class=\"fusion-column-wrapper fusion-column-has-shadow fusion-flex-column-wrapper-legacy\"><div class=\"fusion-image-element fusion-image-align-center in-legacy-container\" style=\"text-align:center;--awb-caption-title-font-family:var(--h2_typography-font-family);--awb-caption-title-font-weight:var(--h2_typography-font-weight);--awb-caption-title-font-style:var(--h2_typography-font-style);--awb-caption-title-size:var(--h2_typography-font-size);--awb-caption-title-transform:var(--h2_typography-text-transform);--awb-caption-title-line-height:var(--h2_typography-line-height);--awb-caption-title-letter-spacing:var(--h2_typography-letter-spacing);\"><div class=\"imageframe-align-center\"><span class=\" fusion-imageframe imageframe-none imageframe-1 hover-type-none\"><img data-recalc-dims=\"1\" decoding=\"async\" width=\"595\" height=\"197\" title=\"leader-2014-kleebis-\" src=\"https:\/\/i0.wp.com\/sutustraws.com\/wp-content\/uploads\/2019\/05\/leader-2014-kleebis-.png?resize=595%2C197&#038;ssl=1\" alt class=\"img-responsive wp-image-614\" srcset=\"https:\/\/i0.wp.com\/sutustraws.com\/wp-content\/uploads\/2019\/05\/leader-2014-kleebis-.png?resize=200%2C66&amp;ssl=1 200w, https:\/\/i0.wp.com\/sutustraws.com\/wp-content\/uploads\/2019\/05\/leader-2014-kleebis-.png?resize=300%2C99&amp;ssl=1 300w, https:\/\/i0.wp.com\/sutustraws.com\/wp-content\/uploads\/2019\/05\/leader-2014-kleebis-.png?resize=400%2C132&amp;ssl=1 400w, https:\/\/i0.wp.com\/sutustraws.com\/wp-content\/uploads\/2019\/05\/leader-2014-kleebis-.png?resize=500%2C166&amp;ssl=1 500w, https:\/\/i0.wp.com\/sutustraws.com\/wp-content\/uploads\/2019\/05\/leader-2014-kleebis-.png?w=595&amp;ssl=1 595w\" sizes=\"(max-width: 800px) 100vw, 595px\" \/><\/span><\/div><\/div><div class=\"fusion-clearfix\"><\/div><\/div><\/div><div class=\"fusion-layout-column fusion_builder_column fusion-builder-column-1 fusion_builder_column_1_2 1_2 fusion-one-half fusion-column-last supportpagetext\" style=\"--awb-bg-size:cover;--awb-margin-bottom:0px;width:50%;width:calc(50% - ( ( 6% ) * 0.5 ) );\"><div class=\"fusion-column-wrapper fusion-column-has-shadow fusion-flex-column-wrapper-legacy\"><div class=\"fusion-sep-clear\"><\/div><div class=\"fusion-separator fusion-no-small-visibility fusion-no-medium-visibility fusion-full-width-sep\" style=\"margin-left: auto;margin-right: auto;margin-top:3%;width:100%;\"><\/div><div class=\"fusion-sep-clear\"><\/div><div class=\"fusion-title title fusion-title-1 fusion-sep-none fusion-title-text fusion-title-size-one\"><h1 class=\"fusion-title-heading title-heading-left fusion-responsive-typography-calculated\" style=\"margin:0;--fontSize:50;line-height:1.25;\">Leader Eesti<\/h1><\/div><div class=\"fusion-sep-clear\"><\/div><div class=\"fusion-separator fusion-clearfix\" style=\"float:left;margin-bottom:30px;width:100%;max-width:65px;\"><div class=\"fusion-separator-border sep-single sep-solid\" style=\"--awb-height:20px;--awb-amount:20px;border-color:#3d3d3d;border-top-width:1px;\"><\/div><\/div><div class=\"fusion-sep-clear\"><\/div><div class=\"fusion-text fusion-text-1\"><p>Pilliroost joogik\u00f5rte tootmise liini ehitamist toetab Euroopa Liit l\u00e4bi maaelu arengule suunatud Leader programmi. Projekti eesm\u00e4rk on realiseerida tootmisliini esimene etapp. See teeb v\u00f5imalikuks keskkonnale kahjulike plastikk\u00f5rte ulatuslikuma asendamise 100% looduslikega ning v\u00f5imaldab v\u00e4\u00e4rindada kohalikku pillirooressurssi.<\/p>\n<\/div><div class=\"fusion-clearfix\"><\/div><\/div><\/div><\/div><\/div><div class=\"fusion-fullwidth fullwidth-box fusion-builder-row-2 nonhundred-percent-fullwidth non-hundred-percent-height-scrolling fusion-no-large-visibility\" style=\"--awb-border-radius-top-left:0px;--awb-border-radius-top-right:0px;--awb-border-radius-bottom-right:0px;--awb-border-radius-bottom-left:0px;--awb-padding-bottom:8%;--awb-flex-wrap:wrap;\" ><div class=\"fusion-builder-row fusion-row\"><div class=\"fusion-layout-column fusion_builder_column fusion-builder-column-2 fusion_builder_column_1_1 1_1 fusion-one-full fusion-column-first fusion-column-last\" style=\"--awb-bg-size:cover;--awb-margin-bottom:0px;\"><div class=\"fusion-column-wrapper fusion-column-has-shadow fusion-flex-column-wrapper-legacy\"><div class=\"fusion-sep-clear\"><\/div><div class=\"fusion-separator fusion-no-small-visibility fusion-no-medium-visibility fusion-full-width-sep\" style=\"margin-left: auto;margin-right: auto;margin-top:13%;width:100%;\"><\/div><div class=\"fusion-sep-clear\"><\/div><div class=\"fusion-sep-clear\"><\/div><div class=\"fusion-separator fusion-no-small-visibility fusion-no-large-visibility fusion-full-width-sep\" style=\"margin-left: auto;margin-right: auto;margin-top:8%;width:100%;\"><\/div><div class=\"fusion-sep-clear\"><\/div><div class=\"fusion-sep-clear\"><\/div><div class=\"fusion-separator fusion-no-medium-visibility fusion-no-large-visibility fusion-full-width-sep\" style=\"margin-left: auto;margin-right: auto;margin-top:5%;width:100%;\"><\/div><div class=\"fusion-sep-clear\"><\/div><div class=\"fusion-title title fusion-title-2 fusion-sep-none fusion-title-text fusion-title-size-one\" style=\"--awb-margin-bottom-small:25px;\"><h1 class=\"fusion-title-heading title-heading-left fusion-responsive-typography-calculated\" style=\"margin:0;--fontSize:50;line-height:1.25;\">Leader Eesti<\/h1><\/div><div class=\"fusion-sep-clear\"><\/div><div class=\"fusion-separator fusion-clearfix\" style=\"float:left;margin-bottom:30px;width:100%;max-width:65px;\"><div class=\"fusion-separator-border sep-single sep-solid\" style=\"--awb-height:20px;--awb-amount:20px;border-color:#3d3d3d;border-top-width:1px;\"><\/div><\/div><div class=\"fusion-sep-clear\"><\/div><div class=\"fusion-text fusion-text-2\"><p>Pilliroost joogik\u00f5rte tootmise liini ehitamist toetab Euroopa Liit l\u00e4bi maaelu arengule suunatud Leader programmi. Projekti eesm\u00e4rk on realiseerida tootmisliini esimene etapp. See teeb v\u00f5imalikuks keskkonnale kahjulike plastikk\u00f5rte ulatuslikuma asendamise 100% looduslikega ning v\u00f5imaldab v\u00e4\u00e4rindada kohalikku pillirooressurssi.<\/p>\n<\/div><div class=\"fusion-clearfix\"><\/div><\/div><\/div><\/div><\/div><div class=\"fusion-fullwidth fullwidth-box fusion-builder-row-3 leftbgcolor nonhundred-percent-fullwidth non-hundred-percent-height-scrolling fusion-no-large-visibility\" style=\"--awb-border-radius-top-left:0px;--awb-border-radius-top-right:0px;--awb-border-radius-bottom-right:0px;--awb-border-radius-bottom-left:0px;--awb-padding-top:25%;--awb-padding-bottom:25%;--awb-margin-bottom:10%;--awb-flex-wrap:wrap;\" ><div class=\"fusion-builder-row fusion-row\"><div class=\"fusion-layout-column fusion_builder_column fusion-builder-column-3 fusion_builder_column_1_1 1_1 fusion-one-full fusion-column-first fusion-column-last\" style=\"--awb-bg-size:cover;--awb-margin-bottom:0px;\"><div class=\"fusion-column-wrapper fusion-column-has-shadow fusion-flex-column-wrapper-legacy\"><div class=\"fusion-image-element fusion-image-align-center in-legacy-container\" style=\"text-align:center;--awb-caption-title-font-family:var(--h2_typography-font-family);--awb-caption-title-font-weight:var(--h2_typography-font-weight);--awb-caption-title-font-style:var(--h2_typography-font-style);--awb-caption-title-size:var(--h2_typography-font-size);--awb-caption-title-transform:var(--h2_typography-text-transform);--awb-caption-title-line-height:var(--h2_typography-line-height);--awb-caption-title-letter-spacing:var(--h2_typography-letter-spacing);\"><div class=\"imageframe-align-center\"><span class=\" fusion-imageframe imageframe-none imageframe-2 hover-type-none\"><img data-recalc-dims=\"1\" decoding=\"async\" width=\"595\" height=\"197\" title=\"leader-2014-kleebis-\" src=\"https:\/\/i0.wp.com\/sutustraws.com\/wp-content\/uploads\/2019\/05\/leader-2014-kleebis-.png?resize=595%2C197&#038;ssl=1\" alt class=\"img-responsive wp-image-614\" srcset=\"https:\/\/i0.wp.com\/sutustraws.com\/wp-content\/uploads\/2019\/05\/leader-2014-kleebis-.png?resize=200%2C66&amp;ssl=1 200w, https:\/\/i0.wp.com\/sutustraws.com\/wp-content\/uploads\/2019\/05\/leader-2014-kleebis-.png?resize=300%2C99&amp;ssl=1 300w, https:\/\/i0.wp.com\/sutustraws.com\/wp-content\/uploads\/2019\/05\/leader-2014-kleebis-.png?resize=400%2C132&amp;ssl=1 400w, https:\/\/i0.wp.com\/sutustraws.com\/wp-content\/uploads\/2019\/05\/leader-2014-kleebis-.png?resize=500%2C166&amp;ssl=1 500w, https:\/\/i0.wp.com\/sutustraws.com\/wp-content\/uploads\/2019\/05\/leader-2014-kleebis-.png?w=595&amp;ssl=1 595w\" sizes=\"(max-width: 800px) 100vw, 595px\" \/><\/span><\/div><\/div><div class=\"fusion-clearfix\"><\/div><\/div><\/div><\/div><\/div><\/p>\n","protected":false},"excerpt":{"rendered":"","protected":false},"author":1,"featured_media":0,"parent":0,"menu_order":0,"comment_status":"closed","ping_status":"closed","template":"100-width.php","meta":{"_acf_changed":false,"footnotes":""},"yst_prominent_words":[221,220,207,209,204,217,216,211,206,210,222,212,203,218,213,214,208,205,219,215],"class_list":["post-761","page","type-page","status-publish","hentry"],"acf":[],"jetpack_sharing_enabled":true,"_links":{"self":[{"href":"https:\/\/sutustraws.com\/et\/wp-json\/wp\/v2\/pages\/761","targetHints":{"allow":["GET"]}}],"collection":[{"href":"https:\/\/sutustraws.com\/et\/wp-json\/wp\/v2\/pages"}],"about":[{"href":"https:\/\/sutustraws.com\/et\/wp-json\/wp\/v2\/types\/page"}],"author":[{"embeddable":true,"href":"https:\/\/sutustraws.com\/et\/wp-json\/wp\/v2\/users\/1"}],"replies":[{"embeddable":true,"href":"https:\/\/sutustraws.com\/et\/wp-json\/wp\/v2\/comments?post=761"}],"version-history":[{"count":2,"href":"https:\/\/sutustraws.com\/et\/wp-json\/wp\/v2\/pages\/761\/revisions"}],"predecessor-version":[{"id":763,"href":"https:\/\/sutustraws.com\/et\/wp-json\/wp\/v2\/pages\/761\/revisions\/763"}],"wp:attachment":[{"href":"https:\/\/sutustraws.com\/et\/wp-json\/wp\/v2\/media?parent=761"}],"wp:term":[{"taxonomy":"yst_prominent_words","embeddable":true,"href":"https:\/\/sutustraws.com\/et\/wp-json\/wp\/v2\/yst_prominent_words?post=761"}],"curies":[{"name":"wp","href":"https:\/\/api.w.org\/{rel}","templated":true}]}}