{"id":11495,"date":"2020-01-23T21:19:36","date_gmt":"2020-01-23T19:19:38","guid":{"rendered":"https:\/\/sutustraws.com\/?post_type=product&#038;p=11495"},"modified":"2023-01-07T23:08:10","modified_gmt":"2023-01-07T21:08:10","slug":"4-pakk","status":"publish","type":"product","link":"https:\/\/sutustraws.com\/et\/toode\/4-pakk\/","title":{"rendered":"4-pakk"},"content":{"rendered":"","protected":false},"excerpt":{"rendered":"<p><a id=\"4-pakk\" class=\"anchor\"><\/a> 4-pakk on ilus ja kompaktne, kerge kotti libistada. K\u00f5ik 4-paki k\u00f5rred on korduvkasutatavad ja k\u00e4sitsi valitud, et tagada parim v\u00f5imalik kvaliteet. Pakk sisaldab puhastusharjakest, mis teeb toote looduses\u00f5bra t\u00f5eliseks lemmikuks.<\/p>\n","protected":false},"featured_media":11505,"template":"","meta":{"_acf_changed":false},"product_brand":[],"product_cat":[247],"product_tag":[],"class_list":{"0":"post-11495","1":"product","2":"type-product","3":"status-publish","4":"has-post-thumbnail","6":"product_cat-korred","7":"product_shipping_class-10pc-et","9":"first","10":"instock","11":"taxable","12":"shipping-taxable","13":"purchasable","14":"product-type-variable","15":"has-default-attributes"},"acf":[],"jetpack_sharing_enabled":true,"_links":{"self":[{"href":"https:\/\/sutustraws.com\/et\/wp-json\/wp\/v2\/product\/11495","targetHints":{"allow":["GET"]}}],"collection":[{"href":"https:\/\/sutustraws.com\/et\/wp-json\/wp\/v2\/product"}],"about":[{"href":"https:\/\/sutustraws.com\/et\/wp-json\/wp\/v2\/types\/product"}],"wp:featuredmedia":[{"embeddable":true,"href":"https:\/\/sutustraws.com\/et\/wp-json\/wp\/v2\/media\/11505"}],"wp:attachment":[{"href":"https:\/\/sutustraws.com\/et\/wp-json\/wp\/v2\/media?parent=11495"}],"wp:term":[{"taxonomy":"product_brand","embeddable":true,"href":"https:\/\/sutustraws.com\/et\/wp-json\/wp\/v2\/product_brand?post=11495"},{"taxonomy":"product_cat","embeddable":true,"href":"https:\/\/sutustraws.com\/et\/wp-json\/wp\/v2\/product_cat?post=11495"},{"taxonomy":"product_tag","embeddable":true,"href":"https:\/\/sutustraws.com\/et\/wp-json\/wp\/v2\/product_tag?post=11495"}],"curies":[{"name":"wp","href":"https:\/\/api.w.org\/{rel}","templated":true}]}}