{"id":14875,"date":"2022-03-08T14:06:35","date_gmt":"2022-03-08T12:41:09","guid":{"rendered":"https:\/\/sutustraws.com\/?post_type=product&#038;p=14875"},"modified":"2023-01-07T23:18:41","modified_gmt":"2023-01-07T21:18:41","slug":"40-pakk","status":"publish","type":"product","link":"https:\/\/sutustraws.com\/et\/toode\/40-pakk\/","title":{"rendered":"40-pakk"},"content":{"rendered":"","protected":false},"excerpt":{"rendered":"<p>\u00dchekordsed k\u00f5rred v\u00e4ikesele \u00fcritusele kodus v\u00f5i kontoris. Pikkus 20 cm.<\/p>\n","protected":false},"featured_media":14871,"template":"","meta":{"_acf_changed":false},"product_brand":[],"product_cat":[247],"product_tag":[],"class_list":{"0":"post-14875","1":"product","2":"type-product","3":"status-publish","4":"has-post-thumbnail","6":"product_cat-korred","7":"product_shipping_class-200pc-et","9":"first","10":"instock","11":"taxable","12":"shipping-taxable","13":"purchasable","14":"product-type-variable","15":"has-default-attributes"},"acf":[],"jetpack_sharing_enabled":true,"_links":{"self":[{"href":"https:\/\/sutustraws.com\/et\/wp-json\/wp\/v2\/product\/14875","targetHints":{"allow":["GET"]}}],"collection":[{"href":"https:\/\/sutustraws.com\/et\/wp-json\/wp\/v2\/product"}],"about":[{"href":"https:\/\/sutustraws.com\/et\/wp-json\/wp\/v2\/types\/product"}],"wp:featuredmedia":[{"embeddable":true,"href":"https:\/\/sutustraws.com\/et\/wp-json\/wp\/v2\/media\/14871"}],"wp:attachment":[{"href":"https:\/\/sutustraws.com\/et\/wp-json\/wp\/v2\/media?parent=14875"}],"wp:term":[{"taxonomy":"product_brand","embeddable":true,"href":"https:\/\/sutustraws.com\/et\/wp-json\/wp\/v2\/product_brand?post=14875"},{"taxonomy":"product_cat","embeddable":true,"href":"https:\/\/sutustraws.com\/et\/wp-json\/wp\/v2\/product_cat?post=14875"},{"taxonomy":"product_tag","embeddable":true,"href":"https:\/\/sutustraws.com\/et\/wp-json\/wp\/v2\/product_tag?post=14875"}],"curies":[{"name":"wp","href":"https:\/\/api.w.org\/{rel}","templated":true}]}}