{"id":6443,"date":"2019-10-22T15:33:50","date_gmt":"2019-10-22T12:47:29","guid":{"rendered":"https:\/\/sutustraws.com\/?post_type=product&#038;p=6443"},"modified":"2023-01-07T22:58:42","modified_gmt":"2023-01-07T20:58:42","slug":"eriline-10-pakk","status":"publish","type":"product","link":"https:\/\/sutustraws.com\/et\/toode\/eriline-10-pakk\/","title":{"rendered":"Eriline 10-pakk"},"content":{"rendered":"","protected":false},"excerpt":{"rendered":"<p><a id=\"eriline-10-pakk\" class=\"anchor\"><\/a> Telli korduvkasutatavad pillirook\u00f5rred erilise s\u00f5numiga. K\u00f5ik k\u00f5rred on 20 cm ja igas pakis sisaldub puhastusharjake. K\u00f5ik 10-paki k\u00f5rred on k\u00e4sitsi valitud, et tagada parim saadaolev kvaliteet. Vali oma lemmiks\u00f5num (pakis 1 s\u00f5num) v\u00f5i telli \u00fcllatus juhuslikult valitud segapakina (pakis erinevad s\u00f5numid). Vaata s\u00f5numeid ka <a href=\"https:\/\/sutustraws.com\/shop\/#10-pack-special\"><strong>inglise keeles<\/strong><\/a>.<\/p>\n","protected":false},"featured_media":14070,"template":"","meta":{"_acf_changed":false},"product_brand":[],"product_cat":[247],"product_tag":[],"class_list":{"0":"post-6443","1":"product","2":"type-product","3":"status-publish","4":"has-post-thumbnail","6":"product_cat-korred","7":"product_shipping_class-10pc-et","9":"first","10":"instock","11":"taxable","12":"shipping-taxable","13":"purchasable","14":"product-type-variable"},"acf":[],"jetpack_sharing_enabled":true,"_links":{"self":[{"href":"https:\/\/sutustraws.com\/et\/wp-json\/wp\/v2\/product\/6443","targetHints":{"allow":["GET"]}}],"collection":[{"href":"https:\/\/sutustraws.com\/et\/wp-json\/wp\/v2\/product"}],"about":[{"href":"https:\/\/sutustraws.com\/et\/wp-json\/wp\/v2\/types\/product"}],"wp:featuredmedia":[{"embeddable":true,"href":"https:\/\/sutustraws.com\/et\/wp-json\/wp\/v2\/media\/14070"}],"wp:attachment":[{"href":"https:\/\/sutustraws.com\/et\/wp-json\/wp\/v2\/media?parent=6443"}],"wp:term":[{"taxonomy":"product_brand","embeddable":true,"href":"https:\/\/sutustraws.com\/et\/wp-json\/wp\/v2\/product_brand?post=6443"},{"taxonomy":"product_cat","embeddable":true,"href":"https:\/\/sutustraws.com\/et\/wp-json\/wp\/v2\/product_cat?post=6443"},{"taxonomy":"product_tag","embeddable":true,"href":"https:\/\/sutustraws.com\/et\/wp-json\/wp\/v2\/product_tag?post=6443"}],"curies":[{"name":"wp","href":"https:\/\/api.w.org\/{rel}","templated":true}]}}