{"id":783,"date":"2019-05-20T10:11:02","date_gmt":"2019-06-11T13:43:01","guid":{"rendered":"http:\/\/test.sutustraws.com\/product\/200-pakki\/"},"modified":"2023-03-26T16:16:18","modified_gmt":"2023-03-26T13:16:18","slug":"200-pakk","status":"publish","type":"product","link":"https:\/\/sutustraws.com\/et\/toode\/200-pakk\/","title":{"rendered":"200-pakk"},"content":{"rendered":"<p><br data-mce-bogus=\"1\"><\/p>\n","protected":false},"excerpt":{"rendered":"<p><a id=\"200-pakk\" class=\"anchor mce-item-anchor\"><\/a> \u00dchekordsed k\u00f5rred, mis sobivad ideaalselt kohvikutele, baaridele ja restoranidele. K\u00f5rre hind alates 14,9 senti + km. Miks mitte ka oma ettev\u00f5tte nime v\u00f5i logoga, uuri meilt v\u00f5imaluste, erilahenduste ja suuremate koguste kohta <strong><a href=\"#kohandatud-tellimus\" data-mce-href=\"#kohandatud-tellimus\">SIIT<\/a><\/strong>.<\/p>\n","protected":false},"featured_media":4050,"template":"","meta":{"_acf_changed":false},"product_brand":[],"product_cat":[247],"product_tag":[],"class_list":{"0":"post-783","1":"product","2":"type-product","3":"status-publish","4":"has-post-thumbnail","6":"product_cat-korred","7":"product_shipping_class-200pc-et","9":"first","10":"instock","11":"taxable","12":"shipping-taxable","13":"purchasable","14":"product-type-variable"},"acf":[],"jetpack_sharing_enabled":true,"_links":{"self":[{"href":"https:\/\/sutustraws.com\/et\/wp-json\/wp\/v2\/product\/783","targetHints":{"allow":["GET"]}}],"collection":[{"href":"https:\/\/sutustraws.com\/et\/wp-json\/wp\/v2\/product"}],"about":[{"href":"https:\/\/sutustraws.com\/et\/wp-json\/wp\/v2\/types\/product"}],"wp:featuredmedia":[{"embeddable":true,"href":"https:\/\/sutustraws.com\/et\/wp-json\/wp\/v2\/media\/4050"}],"wp:attachment":[{"href":"https:\/\/sutustraws.com\/et\/wp-json\/wp\/v2\/media?parent=783"}],"wp:term":[{"taxonomy":"product_brand","embeddable":true,"href":"https:\/\/sutustraws.com\/et\/wp-json\/wp\/v2\/product_brand?post=783"},{"taxonomy":"product_cat","embeddable":true,"href":"https:\/\/sutustraws.com\/et\/wp-json\/wp\/v2\/product_cat?post=783"},{"taxonomy":"product_tag","embeddable":true,"href":"https:\/\/sutustraws.com\/et\/wp-json\/wp\/v2\/product_tag?post=783"}],"curies":[{"name":"wp","href":"https:\/\/api.w.org\/{rel}","templated":true}]}}