{"id":788,"date":"2019-05-21T10:14:26","date_gmt":"2019-06-11T13:43:47","guid":{"rendered":"http:\/\/test.sutustraws.com\/product\/1000-pakki\/"},"modified":"2023-03-26T16:08:42","modified_gmt":"2023-03-26T13:08:42","slug":"1000-pakk","status":"publish","type":"product","link":"https:\/\/sutustraws.com\/et\/toode\/1000-pakk\/","title":{"rendered":"1000-pakk"},"content":{"rendered":"","protected":false},"excerpt":{"rendered":"<p><a id=\"1000-pakk\" class=\"anchor\"><\/a> Kui \u00fchekordseid k\u00f5rsi kulub rohkem, on m\u00f5istlik ja soodsam tellida 1000-pakk &#8211; \u00fche k\u00f5rre hind on 11,9 senti + km. V\u00f5imalus k\u00f5rrele lisada ka oma ettev\u00f5tte nimi v\u00f5i logo, uuri t\u00e4psemalt <strong><a href=\"#kohandatud-tellimus\">SIIT<\/a><\/strong>.<\/p>\n","protected":false},"featured_media":4041,"template":"","meta":{"_acf_changed":false},"product_brand":[],"product_cat":[247],"product_tag":[],"class_list":{"0":"post-788","1":"product","2":"type-product","3":"status-publish","4":"has-post-thumbnail","6":"product_cat-korred","7":"product_shipping_class-1000pc-et","9":"first","10":"instock","11":"taxable","12":"shipping-taxable","13":"purchasable","14":"product-type-variable"},"acf":[],"jetpack_sharing_enabled":true,"_links":{"self":[{"href":"https:\/\/sutustraws.com\/et\/wp-json\/wp\/v2\/product\/788","targetHints":{"allow":["GET"]}}],"collection":[{"href":"https:\/\/sutustraws.com\/et\/wp-json\/wp\/v2\/product"}],"about":[{"href":"https:\/\/sutustraws.com\/et\/wp-json\/wp\/v2\/types\/product"}],"wp:featuredmedia":[{"embeddable":true,"href":"https:\/\/sutustraws.com\/et\/wp-json\/wp\/v2\/media\/4041"}],"wp:attachment":[{"href":"https:\/\/sutustraws.com\/et\/wp-json\/wp\/v2\/media?parent=788"}],"wp:term":[{"taxonomy":"product_brand","embeddable":true,"href":"https:\/\/sutustraws.com\/et\/wp-json\/wp\/v2\/product_brand?post=788"},{"taxonomy":"product_cat","embeddable":true,"href":"https:\/\/sutustraws.com\/et\/wp-json\/wp\/v2\/product_cat?post=788"},{"taxonomy":"product_tag","embeddable":true,"href":"https:\/\/sutustraws.com\/et\/wp-json\/wp\/v2\/product_tag?post=788"}],"curies":[{"name":"wp","href":"https:\/\/api.w.org\/{rel}","templated":true}]}}