{"id":793,"date":"2019-05-23T06:46:43","date_gmt":"2019-06-11T13:46:04","guid":{"rendered":"http:\/\/test.sutustraws.com\/product\/kohandatud-tellimus\/"},"modified":"2023-03-26T13:45:50","modified_gmt":"2023-03-26T10:45:50","slug":"custom-order","status":"publish","type":"product","link":"https:\/\/sutustraws.com\/et\/toode\/custom-order\/","title":{"rendered":"Kohandatud tellimus"},"content":{"rendered":"","protected":false},"excerpt":{"rendered":"[fusion_checklist icon=\"fa-minus fas\" iconcolor=\"#eae101\" circle=\"no\" circlecolor=\"\" size=\"16px\" divider=\"\" divider_color=\"\" hide_on_mobile=\"small-visibility,medium-visibility,large-visibility\" class=\"fixx\" id=\"\"][fusion_li_item icon=\"\"]<a id=\"kohandatud-tellimus\" class=\"anchor\"><\/a>personaliseeri Sutu k\u00f5rred enda ettev\u00f5tte logo v\u00f5i tekstiga[\/fusion_li_item][fusion_li_item icon=\"\"]hakka p\u00fcsikliendiks ja kogu boonust[\/fusion_li_item][fusion_li_item icon=\"\"]telli juurde harjakesi[\/fusion_li_item][fusion_li_item icon=\"\"]erim\u00f5\u00f5dus pikkused suuremates pakkides[\/fusion_li_item][\/fusion_checklist]\n[contact-form-7 id=\"13\" title=\"Contact form 1\"]\n","protected":false},"featured_media":4043,"template":"","meta":{"_acf_changed":false},"product_brand":[],"product_cat":[247],"product_tag":[],"class_list":{"0":"post-793","1":"product","2":"type-product","3":"status-publish","4":"has-post-thumbnail","6":"product_cat-korred","8":"first","9":"instock","10":"virtual","11":"taxable","12":"purchasable","13":"product-type-simple"},"acf":[],"jetpack_sharing_enabled":true,"_links":{"self":[{"href":"https:\/\/sutustraws.com\/et\/wp-json\/wp\/v2\/product\/793","targetHints":{"allow":["GET"]}}],"collection":[{"href":"https:\/\/sutustraws.com\/et\/wp-json\/wp\/v2\/product"}],"about":[{"href":"https:\/\/sutustraws.com\/et\/wp-json\/wp\/v2\/types\/product"}],"wp:featuredmedia":[{"embeddable":true,"href":"https:\/\/sutustraws.com\/et\/wp-json\/wp\/v2\/media\/4043"}],"wp:attachment":[{"href":"https:\/\/sutustraws.com\/et\/wp-json\/wp\/v2\/media?parent=793"}],"wp:term":[{"taxonomy":"product_brand","embeddable":true,"href":"https:\/\/sutustraws.com\/et\/wp-json\/wp\/v2\/product_brand?post=793"},{"taxonomy":"product_cat","embeddable":true,"href":"https:\/\/sutustraws.com\/et\/wp-json\/wp\/v2\/product_cat?post=793"},{"taxonomy":"product_tag","embeddable":true,"href":"https:\/\/sutustraws.com\/et\/wp-json\/wp\/v2\/product_tag?post=793"}],"curies":[{"name":"wp","href":"https:\/\/api.w.org\/{rel}","templated":true}]}}